{"id":138,"date":"2024-11-05T15:06:11","date_gmt":"2024-11-05T15:06:11","guid":{"rendered":"https:\/\/sylvis.appslienzo3.com\/?page_id=138"},"modified":"2025-07-19T22:16:09","modified_gmt":"2025-07-19T22:16:09","slug":"impact","status":"publish","type":"page","link":"https:\/\/forestalsylvis.com\/de\/impact\/","title":{"rendered":"Auswirkungen"},"content":{"rendered":"<div data-elementor-type=\"wp-page\" data-elementor-id=\"138\" class=\"elementor elementor-138\" data-elementor-post-type=\"page\">\n\t\t\t\t\t\t<section class=\"elementor-section elementor-top-section elementor-element elementor-element-1c933af elementor-section-boxed elementor-section-height-default elementor-section-height-default\" data-id=\"1c933af\" data-element_type=\"section\" data-settings=\"{&quot;background_background&quot;:&quot;classic&quot;,&quot;jet_parallax_layout_list&quot;:[]}\">\n\t\t\t\t\t\t\t<div class=\"elementor-background-overlay\"><\/div>\n\t\t\t\t\t\t\t<div class=\"elementor-container elementor-column-gap-default\">\n\t\t\t\t\t<div class=\"elementor-column elementor-col-100 elementor-top-column elementor-element elementor-element-c4c865e\" data-id=\"c4c865e\" data-element_type=\"column\">\n\t\t\t<div class=\"elementor-widget-wrap elementor-element-populated\">\n\t\t\t\t\t\t<div class=\"elementor-element elementor-element-42275d3 elementor-widget elementor-widget-heading\" data-id=\"42275d3\" data-element_type=\"widget\" data-widget_type=\"heading.default\">\n\t\t\t\t<div class=\"elementor-widget-container\">\n\t\t\t<h2 class=\"elementor-heading-title elementor-size-default\">Auswirkungen<\/h2>\t\t<\/div>\n\t\t\t\t<\/div>\n\t\t\t\t\t<\/div>\n\t\t<\/div>\n\t\t\t\t\t<\/div>\n\t\t<\/section>\n\t\t<div class=\"elementor-element elementor-element-fa1b126 e-flex e-con-boxed e-con e-parent\" data-id=\"fa1b126\" data-element_type=\"container\" data-settings=\"{&quot;jet_parallax_layout_list&quot;:[]}\">\n\t\t\t\t\t<div class=\"e-con-inner\">\n\t\t<div class=\"elementor-element elementor-element-dfbd8f5 e-con-full e-flex e-con e-child\" data-id=\"dfbd8f5\" data-element_type=\"container\" data-settings=\"{&quot;background_background&quot;:&quot;classic&quot;,&quot;jet_parallax_layout_list&quot;:[]}\">\n\t\t\t\t<div class=\"elementor-element elementor-element-f1be59d elementor-widget__width-initial elementor-widget elementor-widget-text-editor\" data-id=\"f1be59d\" data-element_type=\"widget\" data-widget_type=\"text-editor.default\">\n\t\t\t\t<div class=\"elementor-widget-container\">\n\t\t\t\t\t\t\t<p>Bei Forestal Sylvis ist Wirkung Teil des Konzepts. Von der Art und Weise, wie wir unser Land bewirtschaften, bis hin zur Zusammenarbeit mit den Gemeinden ist jeder Schritt darauf ausgelegt, realen und messbaren Mehrwert zu schaffen \u2014 sozial, \u00f6kologisch und wirtschaftlich. Diese Seite zeigt, wie dieser Wert vor Ort Gestalt annimmt.<\/p>\t\t\t\t\t\t<\/div>\n\t\t\t\t<\/div>\n\t\t\t\t<\/div>\n\t\t\t\t\t<\/div>\n\t\t\t\t<\/div>\n\t\t<div class=\"elementor-element elementor-element-d07535e e-flex e-con-boxed e-con e-parent\" data-id=\"d07535e\" data-element_type=\"container\" data-settings=\"{&quot;jet_parallax_layout_list&quot;:[]}\">\n\t\t\t\t\t<div class=\"e-con-inner\">\n\t\t<div class=\"elementor-element elementor-element-7af6b4a e-con-full e-flex e-con e-child\" data-id=\"7af6b4a\" data-element_type=\"container\" data-settings=\"{&quot;jet_parallax_layout_list&quot;:[]}\">\n\t\t\t\t<div class=\"elementor-element elementor-element-ecd5ede elementor-widget elementor-widget-image\" data-id=\"ecd5ede\" data-element_type=\"widget\" data-widget_type=\"image.default\">\n\t\t\t\t<div class=\"elementor-widget-container\">\n\t\t\t\t\t\t\t\t\t\t\t\t\t<img fetchpriority=\"high\" decoding=\"async\" width=\"520\" height=\"391\" src=\"https:\/\/forestalsylvis.com\/wp-content\/uploads\/2025\/06\/Rectangle-3.png\" class=\"attachment-large size-large wp-image-740\" alt=\"\" srcset=\"https:\/\/forestalsylvis.com\/wp-content\/uploads\/2025\/06\/Rectangle-3.png 520w, https:\/\/forestalsylvis.com\/wp-content\/uploads\/2025\/06\/Rectangle-3-300x226.png 300w\" sizes=\"(max-width: 520px) 100vw, 520px\" \/>\t\t\t\t\t\t\t\t\t\t\t\t\t<\/div>\n\t\t\t\t<\/div>\n\t\t\t\t<\/div>\n\t\t<div class=\"elementor-element elementor-element-58ffbbe e-con-full e-flex e-con e-child\" data-id=\"58ffbbe\" data-element_type=\"container\" data-settings=\"{&quot;jet_parallax_layout_list&quot;:[]}\">\n\t\t\t\t<div class=\"elementor-element elementor-element-bc53116 elementor-widget elementor-widget-heading\" data-id=\"bc53116\" data-element_type=\"widget\" data-widget_type=\"heading.default\">\n\t\t\t\t<div class=\"elementor-widget-container\">\n\t\t\t<h2 class=\"elementor-heading-title elementor-size-default\">Soziale Auswirkungen<\/h2>\t\t<\/div>\n\t\t\t\t<\/div>\n\t\t\t\t<div class=\"elementor-element elementor-element-2c73225 elementor-widget__width-initial elementor-widget elementor-widget-text-editor\" data-id=\"2c73225\" data-element_type=\"widget\" data-widget_type=\"text-editor.default\">\n\t\t\t\t<div class=\"elementor-widget-container\">\n\t\t\t\t\t\t\t<p>Armutsampel und Einbindung der Gemeinschaft<br \/>Wir setzen die Armutsampel der Fundaci\u00f3n Paraguaya ein, um eng mit Familien zusammenzuarbeiten und zentrale Lebensqualit\u00e4tsindikatoren zu identifizieren und zu verbessern.<br \/>Pro 100 Hektar entstehen Arbeitspl\u00e4tze f\u00fcr 10 Familien, verbunden mit Schulungen in Forst- und silvopastoralen Praktiken.<br \/>Langfristige Partnerschaften mit lokalen Gemeinden stellen sicher, dass die Entwicklung fest verankert bleibt und sich kontinuierlich weiterentwickelt.<\/p>\t\t\t\t\t\t<\/div>\n\t\t\t\t<\/div>\n\t\t\t\t<\/div>\n\t\t\t\t\t<\/div>\n\t\t\t\t<\/div>\n\t\t<div class=\"elementor-element elementor-element-e79e29f e-flex e-con-boxed e-con e-parent\" data-id=\"e79e29f\" data-element_type=\"container\" data-settings=\"{&quot;jet_parallax_layout_list&quot;:[]}\">\n\t\t\t\t\t<div class=\"e-con-inner\">\n\t\t<div class=\"elementor-element elementor-element-0808416 e-con-full e-flex e-con e-child\" data-id=\"0808416\" data-element_type=\"container\" data-settings=\"{&quot;jet_parallax_layout_list&quot;:[]}\">\n\t\t\t\t<div class=\"elementor-element elementor-element-09f3bd0 elementor-widget elementor-widget-image\" data-id=\"09f3bd0\" data-element_type=\"widget\" data-widget_type=\"image.default\">\n\t\t\t\t<div class=\"elementor-widget-container\">\n\t\t\t\t\t\t\t\t\t\t\t\t\t<img decoding=\"async\" width=\"520\" height=\"391\" src=\"https:\/\/forestalsylvis.com\/wp-content\/uploads\/2025\/06\/Rectangle-4.png\" class=\"attachment-large size-large wp-image-741\" alt=\"\" srcset=\"https:\/\/forestalsylvis.com\/wp-content\/uploads\/2025\/06\/Rectangle-4.png 520w, https:\/\/forestalsylvis.com\/wp-content\/uploads\/2025\/06\/Rectangle-4-300x226.png 300w\" sizes=\"(max-width: 520px) 100vw, 520px\" \/>\t\t\t\t\t\t\t\t\t\t\t\t\t<\/div>\n\t\t\t\t<\/div>\n\t\t\t\t<\/div>\n\t\t<div class=\"elementor-element elementor-element-6dd2723 e-con-full e-flex e-con e-child\" data-id=\"6dd2723\" data-element_type=\"container\" data-settings=\"{&quot;jet_parallax_layout_list&quot;:[]}\">\n\t\t\t\t<div class=\"elementor-element elementor-element-4bbf705 elementor-widget elementor-widget-heading\" data-id=\"4bbf705\" data-element_type=\"widget\" data-widget_type=\"heading.default\">\n\t\t\t\t<div class=\"elementor-widget-container\">\n\t\t\t<h2 class=\"elementor-heading-title elementor-size-default\">Umweltauswirkungen<\/h2>\t\t<\/div>\n\t\t\t\t<\/div>\n\t\t\t\t<div class=\"elementor-element elementor-element-1254486 elementor-widget__width-initial elementor-widget elementor-widget-text-editor\" data-id=\"1254486\" data-element_type=\"widget\" data-widget_type=\"text-editor.default\">\n\t\t\t\t<div class=\"elementor-widget-container\">\n\t\t\t\t\t\t\t<p>Kohlenstoffbindung und Regeneration von \u00d6kosystemen<br \/>Unsere Eukalyptusplantagen sind darauf ausgelegt, die Kohlenstoffbindung zu maximieren und degradierte B\u00f6den zu regenerieren.<br \/>Jeder Hektar tr\u00e4gt zu einer besseren Wasserspeicherung, h\u00f6herer Luftqualit\u00e4t und zur Wiederherstellung der Biodiversit\u00e4t bei.<br \/>Wir sch\u00fctzen strategische Einzugsgebiete wie die Cuenca del Ybycu\u00ed und setzen ein silvopastorales Modell um, das Forstwirtschaft und Viehzucht verantwortungsvoll kombiniert.<br \/><br \/><\/p>\t\t\t\t\t\t<\/div>\n\t\t\t\t<\/div>\n\t\t\t\t<\/div>\n\t\t\t\t\t<\/div>\n\t\t\t\t<\/div>\n\t\t<div class=\"elementor-element elementor-element-b2bef45 e-flex e-con-boxed e-con e-parent\" data-id=\"b2bef45\" data-element_type=\"container\" data-settings=\"{&quot;background_background&quot;:&quot;classic&quot;,&quot;jet_parallax_layout_list&quot;:[]}\">\n\t\t\t\t\t<div class=\"e-con-inner\">\n\t\t\t\t<div class=\"elementor-element elementor-element-8921afe elementor-widget elementor-widget-heading\" data-id=\"8921afe\" data-element_type=\"widget\" data-widget_type=\"heading.default\">\n\t\t\t\t<div class=\"elementor-widget-container\">\n\t\t\t<h2 class=\"elementor-heading-title elementor-size-default\">Wir messen, was z\u00e4hlt.<\/h2>\t\t<\/div>\n\t\t\t\t<\/div>\n\t\t\t\t<div class=\"elementor-element elementor-element-eccb6ca elementor-widget__width-initial elementor-widget elementor-widget-text-editor\" data-id=\"eccb6ca\" data-element_type=\"widget\" data-widget_type=\"text-editor.default\">\n\t\t\t\t<div class=\"elementor-widget-container\">\n\t\t\t\t\t\t\t<p>Unsere Wirkung wird durch international anerkannte Standards gest\u00fctzt, die Transparenz, Verantwortlichkeit und langfristige Glaubw\u00fcrdigkeit gew\u00e4hrleisten.<\/p>\t\t\t\t\t\t<\/div>\n\t\t\t\t<\/div>\n\t\t\t\t\t<\/div>\n\t\t\t\t<\/div>\n\t\t<div class=\"elementor-element elementor-element-d462b7c e-flex e-con-boxed e-con e-parent\" data-id=\"d462b7c\" data-element_type=\"container\" data-settings=\"{&quot;jet_parallax_layout_list&quot;:[]}\">\n\t\t\t\t\t<div class=\"e-con-inner\">\n\t\t\t\t<div class=\"elementor-element elementor-element-20c2816 elementor-widget elementor-widget-heading\" data-id=\"20c2816\" data-element_type=\"widget\" data-widget_type=\"heading.default\">\n\t\t\t\t<div class=\"elementor-widget-container\">\n\t\t\t<h2 class=\"elementor-heading-title elementor-size-default\">- Zertifizierung und Messung<\/h2>\t\t<\/div>\n\t\t\t\t<\/div>\n\t\t\t\t<div class=\"elementor-element elementor-element-d9468fd elementor-widget__width-initial elementor-widget elementor-widget-text-editor\" data-id=\"d9468fd\" data-element_type=\"widget\" data-widget_type=\"text-editor.default\">\n\t\t\t\t<div class=\"elementor-widget-container\">\n\t\t\t\t\t\t\t<p>Alle neuen Plantagen sind so konzipiert, dass sie die Standards des <strong>Forest Stewardship Council (FSC), Verra (VCS) und CCB erf\u00fcllen.<\/strong><\/p><p>Unabh\u00e4ngige Pr\u00fcfungen und Methoden Dritter werden integriert, um die \u00f6kologische und soziale Leistung im Zeitverlauf zu \u00fcberwachen.<\/p><p>Unser Engagement geht \u00fcber die blo\u00dfe Einhaltung hinaus und legt den Schwerpunkt auf Transparenz und kontinuierliche Verbesserung.<\/p>\t\t\t\t\t\t<\/div>\n\t\t\t\t<\/div>\n\t\t\t\t\t<\/div>\n\t\t\t\t<\/div>\n\t\t<div class=\"elementor-element elementor-element-270c791 e-flex e-con-boxed e-con e-parent\" data-id=\"270c791\" data-element_type=\"container\" data-settings=\"{&quot;jet_parallax_layout_list&quot;:[]}\">\n\t\t\t\t\t<div class=\"e-con-inner\">\n\t\t<div class=\"elementor-element elementor-element-2b380d8 e-con-full e-flex e-con e-child\" data-id=\"2b380d8\" data-element_type=\"container\" data-settings=\"{&quot;jet_parallax_layout_list&quot;:[],&quot;background_background&quot;:&quot;classic&quot;}\">\n\t\t\t\t<\/div>\n\t\t<div class=\"elementor-element elementor-element-8bf9d10 e-con-full e-flex e-con e-child\" data-id=\"8bf9d10\" data-element_type=\"container\" data-settings=\"{&quot;jet_parallax_layout_list&quot;:[]}\">\n\t\t\t\t<div class=\"elementor-element elementor-element-40162fc elementor-widget__width-initial elementor-widget elementor-widget-heading\" data-id=\"40162fc\" data-element_type=\"widget\" data-widget_type=\"heading.default\">\n\t\t\t\t<div class=\"elementor-widget-container\">\n\t\t\t<h2 class=\"elementor-heading-title elementor-size-default\">Lassen Sie uns vernetzen<\/h2>\t\t<\/div>\n\t\t\t\t<\/div>\n\t\t\t\t<div class=\"elementor-element elementor-element-dbdf142 elementor-button-align-stretch elementor-widget elementor-widget-form\" data-id=\"dbdf142\" data-element_type=\"widget\" data-settings=\"{&quot;step_next_label&quot;:&quot;Next&quot;,&quot;step_previous_label&quot;:&quot;Previous&quot;,&quot;button_width&quot;:&quot;40&quot;,&quot;step_type&quot;:&quot;number_text&quot;,&quot;step_icon_shape&quot;:&quot;circle&quot;}\" data-widget_type=\"form.default\">\n\t\t\t\t<div class=\"elementor-widget-container\">\n\t\t\t\t\t<form class=\"elementor-form\" method=\"post\" name=\"New Form\" action=\"\">\n\t\t\t<input type=\"hidden\" name=\"post_id\" value=\"138\"\/>\n\t\t\t<input type=\"hidden\" name=\"form_id\" value=\"dbdf142\"\/>\n\t\t\t<input type=\"hidden\" name=\"referer_title\" value=\"Impact - Forestal Sylvis\" \/>\n\n\t\t\t\t\t\t\t<input type=\"hidden\" name=\"queried_id\" value=\"138\"\/>\n\t\t\t\n\t\t\t<div class=\"elementor-form-fields-wrapper elementor-labels-above\">\n\t\t\t\t\t\t\t\t<div class=\"elementor-field-type-text elementor-field-group elementor-column elementor-field-group-name elementor-col-100\">\n\t\t\t\t\t\t\t\t\t\t\t\t<label for=\"form-field-name\" class=\"elementor-field-label\">\n\t\t\t\t\t\t\t\tName\t\t\t\t\t\t\t<\/label>\n\t\t\t\t\t\t\t\t\t\t\t\t\t\t<input size=\"1\" type=\"text\" name=\"form_fields[name]\" id=\"form-field-name\" class=\"elementor-field elementor-size-sm  elementor-field-textual\" placeholder=\"Name\">\n\t\t\t\t\t\t\t\t\t\t\t<\/div>\n\t\t\t\t\t\t\t\t<div class=\"elementor-field-type-email elementor-field-group elementor-column elementor-field-group-email elementor-col-100 elementor-field-required\">\n\t\t\t\t\t\t\t\t\t\t\t\t<label for=\"form-field-email\" class=\"elementor-field-label\">\n\t\t\t\t\t\t\t\tE-Mail\t\t\t\t\t\t\t<\/label>\n\t\t\t\t\t\t\t\t\t\t\t\t\t\t<input size=\"1\" type=\"email\" name=\"form_fields[email]\" id=\"form-field-email\" class=\"elementor-field elementor-size-sm  elementor-field-textual\" placeholder=\"E-Mail\" required=\"required\" aria-required=\"true\">\n\t\t\t\t\t\t\t\t\t\t\t<\/div>\n\t\t\t\t\t\t\t\t<div class=\"elementor-field-type-textarea elementor-field-group elementor-column elementor-field-group-message elementor-col-100\">\n\t\t\t\t\t\t\t\t\t\t\t\t<label for=\"form-field-message\" class=\"elementor-field-label\">\n\t\t\t\t\t\t\t\tNachricht\t\t\t\t\t\t\t<\/label>\n\t\t\t\t\t\t<textarea class=\"elementor-field-textual elementor-field  elementor-size-sm\" name=\"form_fields[message]\" id=\"form-field-message\" rows=\"4\" placeholder=\"Nachricht\"><\/textarea>\t\t\t\t<\/div>\n\t\t\t\t\t\t\t\t<div class=\"elementor-field-group elementor-column elementor-field-type-submit elementor-col-40 e-form__buttons\">\n\t\t\t\t\t<button class=\"elementor-button elementor-size-sm\" type=\"submit\">\n\t\t\t\t\t\t<span class=\"elementor-button-content-wrapper\">\n\t\t\t\t\t\t\t\t\t\t\t\t\t\t\t\t\t\t\t\t\t\t<span class=\"elementor-button-text\">Get in touch<\/span>\n\t\t\t\t\t\t\t\t\t\t\t\t\t<\/span>\n\t\t\t\t\t<\/button>\n\t\t\t\t<\/div>\n\t\t\t<\/div>\n\t\t<input type=\"hidden\" name=\"trp-form-language\" value=\"de\"\/><\/form>\n\t\t\t\t<\/div>\n\t\t\t\t<\/div>\n\t\t\t\t<\/div>\n\t\t\t\t\t<\/div>\n\t\t\t\t<\/div>\n\t\t\t\t<\/div>","protected":false},"excerpt":{"rendered":"<p>Impact At Forestal Sylvis, impact is part of the design. From the way we manage our land to how we engage with communities, every step is built to deliver real, measurable value\u2014socially, environmentally, and economically. This page highlights how that value takes shape on the ground. Social impact Poverty Stoplight &amp; Community InclusionWe implement Fundaci\u00f3n [&hellip;]<\/p>","protected":false},"author":1,"featured_media":0,"parent":0,"menu_order":0,"comment_status":"closed","ping_status":"closed","template":"elementor_header_footer","meta":{"footnotes":""},"class_list":["post-138","page","type-page","status-publish","hentry"],"_links":{"self":[{"href":"https:\/\/forestalsylvis.com\/de\/wp-json\/wp\/v2\/pages\/138","targetHints":{"allow":["GET"]}}],"collection":[{"href":"https:\/\/forestalsylvis.com\/de\/wp-json\/wp\/v2\/pages"}],"about":[{"href":"https:\/\/forestalsylvis.com\/de\/wp-json\/wp\/v2\/types\/page"}],"author":[{"embeddable":true,"href":"https:\/\/forestalsylvis.com\/de\/wp-json\/wp\/v2\/users\/1"}],"replies":[{"embeddable":true,"href":"https:\/\/forestalsylvis.com\/de\/wp-json\/wp\/v2\/comments?post=138"}],"version-history":[{"count":38,"href":"https:\/\/forestalsylvis.com\/de\/wp-json\/wp\/v2\/pages\/138\/revisions"}],"predecessor-version":[{"id":948,"href":"https:\/\/forestalsylvis.com\/de\/wp-json\/wp\/v2\/pages\/138\/revisions\/948"}],"wp:attachment":[{"href":"https:\/\/forestalsylvis.com\/de\/wp-json\/wp\/v2\/media?parent=138"}],"curies":[{"name":"wp","href":"https:\/\/api.w.org\/{rel}","templated":true}]}}