{"id":877,"date":"2025-07-19T21:37:11","date_gmt":"2025-07-19T21:37:11","guid":{"rendered":"https:\/\/forestalsylvis.com\/?page_id=877"},"modified":"2026-02-09T17:38:18","modified_gmt":"2026-02-09T17:38:18","slug":"projects","status":"publish","type":"page","link":"https:\/\/forestalsylvis.com\/de\/projects\/","title":{"rendered":"Projekte"},"content":{"rendered":"<div data-elementor-type=\"wp-page\" data-elementor-id=\"877\" class=\"elementor elementor-877\" data-elementor-post-type=\"page\">\n\t\t\t\t\t\t<section class=\"elementor-section elementor-top-section elementor-element elementor-element-4b9825d elementor-section-boxed elementor-section-height-default elementor-section-height-default\" data-id=\"4b9825d\" data-element_type=\"section\" data-settings=\"{&quot;background_background&quot;:&quot;classic&quot;,&quot;jet_parallax_layout_list&quot;:[]}\">\n\t\t\t\t\t\t\t<div class=\"elementor-background-overlay\"><\/div>\n\t\t\t\t\t\t\t<div class=\"elementor-container elementor-column-gap-default\">\n\t\t\t\t\t<div class=\"elementor-column elementor-col-100 elementor-top-column elementor-element elementor-element-53b568f\" data-id=\"53b568f\" data-element_type=\"column\">\n\t\t\t<div class=\"elementor-widget-wrap elementor-element-populated\">\n\t\t\t\t\t\t<div class=\"elementor-element elementor-element-e8f24de elementor-widget elementor-widget-heading\" data-id=\"e8f24de\" data-element_type=\"widget\" data-widget_type=\"heading.default\">\n\t\t\t\t<div class=\"elementor-widget-container\">\n\t\t\t<h2 class=\"elementor-heading-title elementor-size-default\">Projekte<\/h2>\t\t<\/div>\n\t\t\t\t<\/div>\n\t\t\t\t\t<\/div>\n\t\t<\/div>\n\t\t\t\t\t<\/div>\n\t\t<\/section>\n\t\t<div class=\"elementor-element elementor-element-4e74a9e e-flex e-con-boxed e-con e-parent\" data-id=\"4e74a9e\" data-element_type=\"container\" data-settings=\"{&quot;jet_parallax_layout_list&quot;:[]}\">\n\t\t\t\t\t<div class=\"e-con-inner\">\n\t\t<div class=\"elementor-element elementor-element-5c23036 e-con-full e-flex e-con e-child\" data-id=\"5c23036\" data-element_type=\"container\" data-settings=\"{&quot;background_background&quot;:&quot;classic&quot;,&quot;jet_parallax_layout_list&quot;:[]}\">\n\t\t\t\t<div class=\"elementor-element elementor-element-c01a05a elementor-widget__width-initial elementor-widget elementor-widget-text-editor\" data-id=\"c01a05a\" data-element_type=\"widget\" data-widget_type=\"text-editor.default\">\n\t\t\t\t<div class=\"elementor-widget-container\">\n\t\t\t\t\t\t\t<p>Bei Forestal Sylvis steht jede Forstmanagementeinheit f\u00fcr ein langfristiges Engagement f\u00fcr Produktivit\u00e4t, \u00f6kologische Regeneration und Gemeindeentwicklung. Dies sind die Standorte, an denen unser Modell vollst\u00e4ndig umgesetzt wird: wo ungenutztes Land zu ertragreichen W\u00e4ldern wird und der Wald zu gemeinsamem Mehrwert f\u00fchrt<\/p>\t\t\t\t\t\t<\/div>\n\t\t\t\t<\/div>\n\t\t\t\t<\/div>\n\t\t\t\t\t<\/div>\n\t\t\t\t<\/div>\n\t\t<div class=\"elementor-element elementor-element-5241ad5 e-flex e-con-boxed e-con e-parent\" data-id=\"5241ad5\" data-element_type=\"container\" data-settings=\"{&quot;jet_parallax_layout_list&quot;:[]}\">\n\t\t\t\t\t<div class=\"e-con-inner\">\n\t\t\t\t<div class=\"elementor-element elementor-element-8bb1c3d elementor-widget elementor-widget-heading\" data-id=\"8bb1c3d\" data-element_type=\"widget\" data-widget_type=\"heading.default\">\n\t\t\t\t<div class=\"elementor-widget-container\">\n\t\t\t<h2 class=\"elementor-heading-title elementor-size-default\">Forstmanagementeinheiten<\/h2>\t\t<\/div>\n\t\t\t\t<\/div>\n\t\t\t\t<div class=\"elementor-element elementor-element-82a1558 elementor-widget elementor-widget-heading\" data-id=\"82a1558\" data-element_type=\"widget\" data-widget_type=\"heading.default\">\n\t\t\t\t<div class=\"elementor-widget-container\">\n\t\t\t<h2 class=\"elementor-heading-title elementor-size-default\">Einheit Paraguar\u00ed<\/h2>\t\t<\/div>\n\t\t\t\t<\/div>\n\t\t\t\t<div class=\"elementor-element elementor-element-d6e092f elementor-widget__width-initial elementor-widget elementor-widget-text-editor\" data-id=\"d6e092f\" data-element_type=\"widget\" data-widget_type=\"text-editor.default\">\n\t\t\t\t<div class=\"elementor-widget-container\">\n\t\t\t\t\t\t\t<p>Unsere Einheit in Paraguar\u00ed, gelegen in einer der historisch landwirtschaftlich gepr\u00e4gten Regionen von Paraguay, konzentriert sich auf den hochdichten Eukalyptusanbau in Kombination mit silvopastoralen Systemen. Sie spielt eine wichtige Rolle beim Schutz des Gebiets und bei der produktiven Integration von Forstwirtschaft und Viehzucht. <strong>Cuenca del Ybycu\u00ed<\/strong>, einem strategischen Wassereinzugsgebiet der Region. Unsere Umweltma\u00dfnahmen umfassen Pufferzonen und Aufforstungskorridore, die darauf ausgelegt sind, die heimische Biodiversit\u00e4t zu erhalten und die Wasserressourcen zu st\u00e4rken.<\/p>\t\t\t\t\t\t<\/div>\n\t\t\t\t<\/div>\n\t\t\t\t<div class=\"elementor-element elementor-element-d8164e8 elementor-widget elementor-widget-heading\" data-id=\"d8164e8\" data-element_type=\"widget\" data-widget_type=\"heading.default\">\n\t\t\t\t<div class=\"elementor-widget-container\">\n\t\t\t<h2 class=\"elementor-heading-title elementor-size-default\">Einheit Caazap\u00e1<\/h2>\t\t<\/div>\n\t\t\t\t<\/div>\n\t\t\t\t<div class=\"elementor-element elementor-element-038ace3 elementor-widget__width-initial elementor-widget elementor-widget-text-editor\" data-id=\"038ace3\" data-element_type=\"widget\" data-widget_type=\"text-editor.default\">\n\t\t\t\t<div class=\"elementor-widget-container\">\n\t\t\t\t\t\t\t<p>Unsere Einheit in Caazap\u00e1 ist eng mit der aufstrebenden Bioindustrie der Region verbunden. Sie liefert direkt Rohmaterial an Biocomplejo Petricor, ein nahegelegenes Sperrholzwerk, das f\u00fcr eine Verarbeitungskapazit\u00e4t von bis zu 50.000 m\u00b3 pro Jahr ausgelegt ist. Diese Einheit bildet zudem das Fundament des Ecoforestry Fund I, der in Partnerschaft mit CADIEM entwickelt wurde, und bietet lokalen Investoren die M\u00f6glichkeit, sich an zertifizierter, nachhaltiger Forstwirtschaft mit messbaren Renditen und Wirkungen zu beteiligen.<\/p>\t\t\t\t\t\t<\/div>\n\t\t\t\t<\/div>\n\t\t\t\t<div class=\"elementor-element elementor-element-3084b17 elementor-widget elementor-widget-heading\" data-id=\"3084b17\" data-element_type=\"widget\" data-widget_type=\"heading.default\">\n\t\t\t\t<div class=\"elementor-widget-container\">\n\t\t\t<h2 class=\"elementor-heading-title elementor-size-default\">Andere<\/h2>\t\t<\/div>\n\t\t\t\t<\/div>\n\t\t\t\t<div class=\"elementor-element elementor-element-0084330 elementor-widget__width-initial elementor-widget elementor-widget-text-editor\" data-id=\"0084330\" data-element_type=\"widget\" data-widget_type=\"text-editor.default\">\n\t\t\t\t<div class=\"elementor-widget-container\">\n\t\t\t\t\t\t\t<p>Neben Paraguar\u00ed und Caazap\u00e1 bewirtschaftet Forestal Sylvis kleinere, strategisch gelegene Fl\u00e4chen in weiteren Departamentos. Diese Gebiete erf\u00fcllen sowohl produktive als auch adaptive Funktionen und erm\u00f6glichen es, neue Praktiken zu erproben und Kapazit\u00e4ten in unterschiedlichen Umgebungen auszubauen.<\/p>\t\t\t\t\t\t<\/div>\n\t\t\t\t<\/div>\n\t\t\t\t<div class=\"elementor-element elementor-element-484a5ba elementor-widget-mobile__width-inherit elementor-hidden-desktop elementor-hidden-tablet elementor-widget elementor-widget-image\" data-id=\"484a5ba\" data-element_type=\"widget\" data-widget_type=\"image.default\">\n\t\t\t\t<div class=\"elementor-widget-container\">\n\t\t\t\t\t\t\t\t\t\t\t\t\t<img fetchpriority=\"high\" decoding=\"async\" width=\"722\" height=\"768\" src=\"https:\/\/forestalsylvis.com\/wp-content\/uploads\/2025\/07\/Asset-1mapasylvis-1.png\" class=\"attachment-large size-large wp-image-887\" alt=\"\" srcset=\"https:\/\/forestalsylvis.com\/wp-content\/uploads\/2025\/07\/Asset-1mapasylvis-1.png 722w, https:\/\/forestalsylvis.com\/wp-content\/uploads\/2025\/07\/Asset-1mapasylvis-1-282x300.png 282w, https:\/\/forestalsylvis.com\/wp-content\/uploads\/2025\/07\/Asset-1mapasylvis-1-11x12.png 11w\" sizes=\"(max-width: 722px) 100vw, 722px\" \/>\t\t\t\t\t\t\t\t\t\t\t\t\t<\/div>\n\t\t\t\t<\/div>\n\t\t\t\t\t<\/div>\n\t\t\t\t<\/div>\n\t\t<div class=\"elementor-element elementor-element-4402474 e-flex e-con-boxed e-con e-parent\" data-id=\"4402474\" data-element_type=\"container\" data-settings=\"{&quot;jet_parallax_layout_list&quot;:[]}\">\n\t\t\t\t\t<div class=\"e-con-inner\">\n\t\t\t\t<div class=\"elementor-element elementor-element-5ac0217 elementor-widget__width-auto elementor-absolute elementor-hidden-mobile elementor-widget elementor-widget-image\" data-id=\"5ac0217\" data-element_type=\"widget\" data-settings=\"{&quot;_position&quot;:&quot;absolute&quot;}\" data-widget_type=\"image.default\">\n\t\t\t\t<div class=\"elementor-widget-container\">\n\t\t\t\t\t\t\t\t\t\t\t\t\t<img fetchpriority=\"high\" decoding=\"async\" width=\"722\" height=\"768\" src=\"https:\/\/forestalsylvis.com\/wp-content\/uploads\/2025\/07\/Asset-1mapasylvis-1.png\" class=\"attachment-large size-large wp-image-887\" alt=\"\" srcset=\"https:\/\/forestalsylvis.com\/wp-content\/uploads\/2025\/07\/Asset-1mapasylvis-1.png 722w, https:\/\/forestalsylvis.com\/wp-content\/uploads\/2025\/07\/Asset-1mapasylvis-1-282x300.png 282w, https:\/\/forestalsylvis.com\/wp-content\/uploads\/2025\/07\/Asset-1mapasylvis-1-11x12.png 11w\" sizes=\"(max-width: 722px) 100vw, 722px\" \/>\t\t\t\t\t\t\t\t\t\t\t\t\t<\/div>\n\t\t\t\t<\/div>\n\t\t\t\t\t<\/div>\n\t\t\t\t<\/div>\n\t\t<div class=\"elementor-element elementor-element-2bd25c8 e-flex e-con-boxed e-con e-parent\" data-id=\"2bd25c8\" data-element_type=\"container\" data-settings=\"{&quot;background_background&quot;:&quot;classic&quot;,&quot;jet_parallax_layout_list&quot;:[]}\">\n\t\t\t\t\t<div class=\"e-con-inner\">\n\t\t\t\t<div class=\"elementor-element elementor-element-9ce6ce6 elementor-widget__width-initial elementor-invisible elementor-widget elementor-widget-heading\" data-id=\"9ce6ce6\" data-element_type=\"widget\" data-settings=\"{&quot;_animation&quot;:&quot;fadeInLeft&quot;}\" data-widget_type=\"heading.default\">\n\t\t\t\t<div class=\"elementor-widget-container\">\n\t\t\t<h1 class=\"elementor-heading-title elementor-size-default\">Neue M\u00f6glichkeiten werden immer gr\u00f6\u00dfer<\/h1>\t\t<\/div>\n\t\t\t\t<\/div>\n\t\t\t\t<div class=\"elementor-element elementor-element-9e9bf25 animated-slow elementor-widget__width-initial elementor-invisible elementor-widget elementor-widget-text-editor\" data-id=\"9e9bf25\" data-element_type=\"widget\" data-settings=\"{&quot;_animation&quot;:&quot;fadeInRight&quot;}\" data-widget_type=\"text-editor.default\">\n\t\t\t\t<div class=\"elementor-widget-container\">\n\t\t\t\t\t\t\t<p>Wir erweitern unser Modell durch Guaran\u00ed Plantations, eine sich entwickelnde Investitionsinitiative, die auf denselben Prinzipien von Ertrag, Wirkung und Transparenz basiert, die Forestal Sylvis auszeichnen.<\/p>\t\t\t\t\t\t<\/div>\n\t\t\t\t<\/div>\n\t\t<div class=\"elementor-element elementor-element-b7ad5c5 e-con-full e-flex e-con e-child\" data-id=\"b7ad5c5\" data-element_type=\"container\" data-settings=\"{&quot;jet_parallax_layout_list&quot;:[]}\">\n\t\t\t\t<div class=\"elementor-element elementor-element-6ee1b5c elementor-align-left animated-slow elementor-invisible elementor-widget elementor-widget-button\" data-id=\"6ee1b5c\" data-element_type=\"widget\" data-settings=\"{&quot;_animation&quot;:&quot;fadeInLeft&quot;}\" data-widget_type=\"button.default\">\n\t\t\t\t<div class=\"elementor-widget-container\">\n\t\t\t\t\t<div class=\"elementor-button-wrapper\">\n\t\t\t<a class=\"elementor-button elementor-button-link elementor-size-sm elementor-animation-float\" href=\"#contact\">\n\t\t\t\t\t\t<span class=\"elementor-button-content-wrapper\">\n\t\t\t\t\t\t\t\t\t<span class=\"elementor-button-text\">Join Our Mission<\/span>\n\t\t\t\t\t<\/span>\n\t\t\t\t\t<\/a>\n\t\t<\/div>\n\t\t\t\t<\/div>\n\t\t\t\t<\/div>\n\t\t\t\t<div class=\"elementor-element elementor-element-364775d elementor-align-left animated-slow elementor-invisible elementor-widget elementor-widget-button\" data-id=\"364775d\" data-element_type=\"widget\" data-settings=\"{&quot;_animation&quot;:&quot;fadeInLeft&quot;}\" data-widget_type=\"button.default\">\n\t\t\t\t<div class=\"elementor-widget-container\">\n\t\t\t\t\t<div class=\"elementor-button-wrapper\">\n\t\t\t<a class=\"elementor-button elementor-button-link elementor-size-sm elementor-animation-float\" href=\"https:\/\/drive.google.com\/file\/d\/1_gmZcKfpB1HhI92tPIXGnEd6qM6KqU1A\/view?usp=sharing\" target=\"_blank\">\n\t\t\t\t\t\t<span class=\"elementor-button-content-wrapper\">\n\t\t\t\t\t\t\t\t\t<span class=\"elementor-button-text\">Investorhandbuch herunterladen<\/span>\n\t\t\t\t\t<\/span>\n\t\t\t\t\t<\/a>\n\t\t<\/div>\n\t\t\t\t<\/div>\n\t\t\t\t<\/div>\n\t\t\t\t<\/div>\n\t\t\t\t\t<\/div>\n\t\t\t\t<\/div>\n\t\t<div class=\"elementor-element elementor-element-d543e6b e-flex e-con-boxed e-con e-parent\" data-id=\"d543e6b\" data-element_type=\"container\" data-settings=\"{&quot;jet_parallax_layout_list&quot;:[]}\">\n\t\t\t\t\t<div class=\"e-con-inner\">\n\t\t<div class=\"elementor-element elementor-element-544c147 e-con-full e-flex e-con e-child\" data-id=\"544c147\" data-element_type=\"container\" data-settings=\"{&quot;jet_parallax_layout_list&quot;:[],&quot;background_background&quot;:&quot;classic&quot;}\">\n\t\t\t\t<\/div>\n\t\t<div class=\"elementor-element elementor-element-8f0bcc1 e-con-full e-flex e-con e-child\" data-id=\"8f0bcc1\" data-element_type=\"container\" data-settings=\"{&quot;jet_parallax_layout_list&quot;:[]}\">\n\t\t\t\t<div class=\"elementor-element elementor-element-2ae37be elementor-widget__width-initial elementor-widget elementor-widget-heading\" data-id=\"2ae37be\" data-element_type=\"widget\" data-widget_type=\"heading.default\">\n\t\t\t\t<div class=\"elementor-widget-container\">\n\t\t\t<h2 class=\"elementor-heading-title elementor-size-default\">Sind Sie auf der Suche zu investieren? Let &#039; s connect.<\/h2>\t\t<\/div>\n\t\t\t\t<\/div>\n\t\t\t\t<div class=\"elementor-element elementor-element-8cdc3a5 elementor-button-align-stretch elementor-widget elementor-widget-form\" data-id=\"8cdc3a5\" data-element_type=\"widget\" data-settings=\"{&quot;step_next_label&quot;:&quot;Next&quot;,&quot;step_previous_label&quot;:&quot;Previous&quot;,&quot;button_width&quot;:&quot;40&quot;,&quot;step_type&quot;:&quot;number_text&quot;,&quot;step_icon_shape&quot;:&quot;circle&quot;}\" data-widget_type=\"form.default\">\n\t\t\t\t<div class=\"elementor-widget-container\">\n\t\t\t\t\t<form class=\"elementor-form\" method=\"post\" name=\"New Form\" action=\"\">\n\t\t\t<input type=\"hidden\" name=\"post_id\" value=\"877\"\/>\n\t\t\t<input type=\"hidden\" name=\"form_id\" value=\"8cdc3a5\"\/>\n\t\t\t<input type=\"hidden\" name=\"referer_title\" value=\"\" \/>\n\n\t\t\t\n\t\t\t<div class=\"elementor-form-fields-wrapper elementor-labels-above\">\n\t\t\t\t\t\t\t\t<div class=\"elementor-field-type-text elementor-field-group elementor-column elementor-field-group-name elementor-col-100\">\n\t\t\t\t\t\t\t\t\t\t\t\t<label for=\"form-field-name\" class=\"elementor-field-label\">\n\t\t\t\t\t\t\t\tName\t\t\t\t\t\t\t<\/label>\n\t\t\t\t\t\t\t\t\t\t\t\t\t\t<input size=\"1\" type=\"text\" name=\"form_fields[name]\" id=\"form-field-name\" class=\"elementor-field elementor-size-sm  elementor-field-textual\" placeholder=\"Name\">\n\t\t\t\t\t\t\t\t\t\t\t<\/div>\n\t\t\t\t\t\t\t\t<div class=\"elementor-field-type-email elementor-field-group elementor-column elementor-field-group-email elementor-col-100 elementor-field-required\">\n\t\t\t\t\t\t\t\t\t\t\t\t<label for=\"form-field-email\" class=\"elementor-field-label\">\n\t\t\t\t\t\t\t\tE-Mail\t\t\t\t\t\t\t<\/label>\n\t\t\t\t\t\t\t\t\t\t\t\t\t\t<input size=\"1\" type=\"email\" name=\"form_fields[email]\" id=\"form-field-email\" class=\"elementor-field elementor-size-sm  elementor-field-textual\" placeholder=\"E-Mail\" required=\"required\" aria-required=\"true\">\n\t\t\t\t\t\t\t\t\t\t\t<\/div>\n\t\t\t\t\t\t\t\t<div class=\"elementor-field-type-textarea elementor-field-group elementor-column elementor-field-group-message elementor-col-100\">\n\t\t\t\t\t\t\t\t\t\t\t\t<label for=\"form-field-message\" class=\"elementor-field-label\">\n\t\t\t\t\t\t\t\tNachricht\t\t\t\t\t\t\t<\/label>\n\t\t\t\t\t\t<textarea class=\"elementor-field-textual elementor-field  elementor-size-sm\" name=\"form_fields[message]\" id=\"form-field-message\" rows=\"4\" placeholder=\"Nachricht\"><\/textarea>\t\t\t\t<\/div>\n\t\t\t\t\t\t\t\t<div class=\"elementor-field-group elementor-column elementor-field-type-submit elementor-col-40 e-form__buttons\">\n\t\t\t\t\t<button class=\"elementor-button elementor-size-sm\" type=\"submit\">\n\t\t\t\t\t\t<span class=\"elementor-button-content-wrapper\">\n\t\t\t\t\t\t\t\t\t\t\t\t\t\t\t\t\t\t\t\t\t\t<span class=\"elementor-button-text\">Get in touch<\/span>\n\t\t\t\t\t\t\t\t\t\t\t\t\t<\/span>\n\t\t\t\t\t<\/button>\n\t\t\t\t<\/div>\n\t\t\t<\/div>\n\t\t<input type=\"hidden\" name=\"trp-form-language\" value=\"de\"\/><\/form>\n\t\t\t\t<\/div>\n\t\t\t\t<\/div>\n\t\t\t\t<\/div>\n\t\t\t\t\t<\/div>\n\t\t\t\t<\/div>\n\t\t\t\t<\/div>","protected":false},"excerpt":{"rendered":"<p>Projects At Forestal Sylvis, each Forest Management Unit represents a long-term commitment to productivity, environmental regeneration, and community development. These are the sites where our model is in full operation\u2014where underutilized land becomes high-yield forest, and forest becomes shared value. Forest Management Units Paraguar\u00ed Unit Located in one of Paraguay\u2019s historically agricultural regions, our Paraguar\u00ed [&hellip;]<\/p>","protected":false},"author":1,"featured_media":0,"parent":0,"menu_order":0,"comment_status":"closed","ping_status":"closed","template":"elementor_header_footer","meta":{"footnotes":""},"class_list":["post-877","page","type-page","status-publish","hentry"],"_links":{"self":[{"href":"https:\/\/forestalsylvis.com\/de\/wp-json\/wp\/v2\/pages\/877","targetHints":{"allow":["GET"]}}],"collection":[{"href":"https:\/\/forestalsylvis.com\/de\/wp-json\/wp\/v2\/pages"}],"about":[{"href":"https:\/\/forestalsylvis.com\/de\/wp-json\/wp\/v2\/types\/page"}],"author":[{"embeddable":true,"href":"https:\/\/forestalsylvis.com\/de\/wp-json\/wp\/v2\/users\/1"}],"replies":[{"embeddable":true,"href":"https:\/\/forestalsylvis.com\/de\/wp-json\/wp\/v2\/comments?post=877"}],"version-history":[{"count":41,"href":"https:\/\/forestalsylvis.com\/de\/wp-json\/wp\/v2\/pages\/877\/revisions"}],"predecessor-version":[{"id":1082,"href":"https:\/\/forestalsylvis.com\/de\/wp-json\/wp\/v2\/pages\/877\/revisions\/1082"}],"wp:attachment":[{"href":"https:\/\/forestalsylvis.com\/de\/wp-json\/wp\/v2\/media?parent=877"}],"curies":[{"name":"wp","href":"https:\/\/api.w.org\/{rel}","templated":true}]}}