{"id":877,"date":"2025-07-19T21:37:11","date_gmt":"2025-07-19T21:37:11","guid":{"rendered":"https:\/\/forestalsylvis.com\/?page_id=877"},"modified":"2026-02-09T17:38:18","modified_gmt":"2026-02-09T17:38:18","slug":"projects","status":"publish","type":"page","link":"https:\/\/forestalsylvis.com\/es\/projects\/","title":{"rendered":"Proyectos"},"content":{"rendered":"<div data-elementor-type=\"wp-page\" data-elementor-id=\"877\" class=\"elementor elementor-877\" data-elementor-post-type=\"page\">\n\t\t\t\t\t\t<section class=\"elementor-section elementor-top-section elementor-element elementor-element-4b9825d elementor-section-boxed elementor-section-height-default elementor-section-height-default\" data-id=\"4b9825d\" data-element_type=\"section\" data-settings=\"{&quot;background_background&quot;:&quot;classic&quot;,&quot;jet_parallax_layout_list&quot;:[]}\">\n\t\t\t\t\t\t\t<div class=\"elementor-background-overlay\"><\/div>\n\t\t\t\t\t\t\t<div class=\"elementor-container elementor-column-gap-default\">\n\t\t\t\t\t<div class=\"elementor-column elementor-col-100 elementor-top-column elementor-element elementor-element-53b568f\" data-id=\"53b568f\" data-element_type=\"column\">\n\t\t\t<div class=\"elementor-widget-wrap elementor-element-populated\">\n\t\t\t\t\t\t<div class=\"elementor-element elementor-element-e8f24de elementor-widget elementor-widget-heading\" data-id=\"e8f24de\" data-element_type=\"widget\" data-widget_type=\"heading.default\">\n\t\t\t\t<div class=\"elementor-widget-container\">\n\t\t\t<h2 class=\"elementor-heading-title elementor-size-default\">Proyectos<\/h2>\t\t<\/div>\n\t\t\t\t<\/div>\n\t\t\t\t\t<\/div>\n\t\t<\/div>\n\t\t\t\t\t<\/div>\n\t\t<\/section>\n\t\t<div class=\"elementor-element elementor-element-4e74a9e e-flex e-con-boxed e-con e-parent\" data-id=\"4e74a9e\" data-element_type=\"container\" data-settings=\"{&quot;jet_parallax_layout_list&quot;:[]}\">\n\t\t\t\t\t<div class=\"e-con-inner\">\n\t\t<div class=\"elementor-element elementor-element-5c23036 e-con-full e-flex e-con e-child\" data-id=\"5c23036\" data-element_type=\"container\" data-settings=\"{&quot;background_background&quot;:&quot;classic&quot;,&quot;jet_parallax_layout_list&quot;:[]}\">\n\t\t\t\t<div class=\"elementor-element elementor-element-c01a05a elementor-widget__width-initial elementor-widget elementor-widget-text-editor\" data-id=\"c01a05a\" data-element_type=\"widget\" data-widget_type=\"text-editor.default\">\n\t\t\t\t<div class=\"elementor-widget-container\">\n\t\t\t\t\t\t\t<p>En Forestal Sylvis, cada Unidad de Manejo Forestal representa un compromiso de largo plazo con la productividad, la regeneraci\u00f3n ambiental y el desarrollo comunitario. Estos son los sitios donde nuestro modelo opera plenamente: donde tierras subutilizadas se convierten en bosques de alto rendimiento, y el bosque se transforma en valor compartido.<\/p>\t\t\t\t\t\t<\/div>\n\t\t\t\t<\/div>\n\t\t\t\t<\/div>\n\t\t\t\t\t<\/div>\n\t\t\t\t<\/div>\n\t\t<div class=\"elementor-element elementor-element-5241ad5 e-flex e-con-boxed e-con e-parent\" data-id=\"5241ad5\" data-element_type=\"container\" data-settings=\"{&quot;jet_parallax_layout_list&quot;:[]}\">\n\t\t\t\t\t<div class=\"e-con-inner\">\n\t\t\t\t<div class=\"elementor-element elementor-element-8bb1c3d elementor-widget elementor-widget-heading\" data-id=\"8bb1c3d\" data-element_type=\"widget\" data-widget_type=\"heading.default\">\n\t\t\t\t<div class=\"elementor-widget-container\">\n\t\t\t<h2 class=\"elementor-heading-title elementor-size-default\">Unidades de Manejo Forestal<\/h2>\t\t<\/div>\n\t\t\t\t<\/div>\n\t\t\t\t<div class=\"elementor-element elementor-element-82a1558 elementor-widget elementor-widget-heading\" data-id=\"82a1558\" data-element_type=\"widget\" data-widget_type=\"heading.default\">\n\t\t\t\t<div class=\"elementor-widget-container\">\n\t\t\t<h2 class=\"elementor-heading-title elementor-size-default\">Unidad Paraguar\u00ed<\/h2>\t\t<\/div>\n\t\t\t\t<\/div>\n\t\t\t\t<div class=\"elementor-element elementor-element-d6e092f elementor-widget__width-initial elementor-widget elementor-widget-text-editor\" data-id=\"d6e092f\" data-element_type=\"widget\" data-widget_type=\"text-editor.default\">\n\t\t\t\t<div class=\"elementor-widget-container\">\n\t\t\t\t\t\t\t<p>Ubicada en una de las regiones hist\u00f3ricamente agr\u00edcolas de Paraguay, nuestra unidad de Paraguar\u00ed se enfoca en el cultivo de eucalipto de alta densidad combinado con sistemas silvopastoriles. Cumple un rol clave en la protecci\u00f3n de la <strong>Cuenca del Ybycu\u00ed<\/strong>, uma bacia hidrogr\u00e1fica estrat\u00e9gica para a regi\u00e3o. Nosso trabalho ambiental nessa \u00e1rea inclui zonas de amortecimento e corredores de reflorestamento projetados para preservar a biodiversidade nativa e fortalecer os recursos h\u00eddricos.<\/p>\t\t\t\t\t\t<\/div>\n\t\t\t\t<\/div>\n\t\t\t\t<div class=\"elementor-element elementor-element-d8164e8 elementor-widget elementor-widget-heading\" data-id=\"d8164e8\" data-element_type=\"widget\" data-widget_type=\"heading.default\">\n\t\t\t\t<div class=\"elementor-widget-container\">\n\t\t\t<h2 class=\"elementor-heading-title elementor-size-default\">Unidad Caazap\u00e1<\/h2>\t\t<\/div>\n\t\t\t\t<\/div>\n\t\t\t\t<div class=\"elementor-element elementor-element-038ace3 elementor-widget__width-initial elementor-widget elementor-widget-text-editor\" data-id=\"038ace3\" data-element_type=\"widget\" data-widget_type=\"text-editor.default\">\n\t\t\t\t<div class=\"elementor-widget-container\">\n\t\t\t\t\t\t\t<p>Nuestra unidad de Caazap\u00e1 est\u00e1 estrechamente vinculada al desarrollo de la bioindustria regional. Abastece de forma directa materia prima a Biocomplejo Petricor, una planta de contrachapado cercana dise\u00f1ada para procesar hasta 50.000 m\u00b3 al a\u00f1o. Esta unidad tambi\u00e9n es el eje del Ecoforestry Fund I, desarrollado en alianza con CADIEM, ofreciendo a inversores locales la posibilidad de participar en un modelo forestal certificado y sostenible, con retornos e impacto medibles.<\/p>\t\t\t\t\t\t<\/div>\n\t\t\t\t<\/div>\n\t\t\t\t<div class=\"elementor-element elementor-element-3084b17 elementor-widget elementor-widget-heading\" data-id=\"3084b17\" data-element_type=\"widget\" data-widget_type=\"heading.default\">\n\t\t\t\t<div class=\"elementor-widget-container\">\n\t\t\t<h2 class=\"elementor-heading-title elementor-size-default\">Otros<\/h2>\t\t<\/div>\n\t\t\t\t<\/div>\n\t\t\t\t<div class=\"elementor-element elementor-element-0084330 elementor-widget__width-initial elementor-widget elementor-widget-text-editor\" data-id=\"0084330\" data-element_type=\"widget\" data-widget_type=\"text-editor.default\">\n\t\t\t\t<div class=\"elementor-widget-container\">\n\t\t\t\t\t\t\t<p>Adem\u00e1s de Paraguar\u00ed y Caazap\u00e1, Forestal Sylvis gestiona parcelas de menor escala ubicadas estrat\u00e9gicamente en otros departamentos. Estas \u00e1reas cumplen funciones tanto productivas como adaptativas, permiti\u00e9ndonos probar nuevas pr\u00e1cticas y ampliar capacidades en entornos diversos.<\/p>\t\t\t\t\t\t<\/div>\n\t\t\t\t<\/div>\n\t\t\t\t<div class=\"elementor-element elementor-element-484a5ba elementor-widget-mobile__width-inherit elementor-hidden-desktop elementor-hidden-tablet elementor-widget elementor-widget-image\" data-id=\"484a5ba\" data-element_type=\"widget\" data-widget_type=\"image.default\">\n\t\t\t\t<div class=\"elementor-widget-container\">\n\t\t\t\t\t\t\t\t\t\t\t\t\t<img fetchpriority=\"high\" decoding=\"async\" width=\"722\" height=\"768\" src=\"https:\/\/forestalsylvis.com\/wp-content\/uploads\/2025\/07\/Asset-1mapasylvis-1.png\" class=\"attachment-large size-large wp-image-887\" alt=\"\" srcset=\"https:\/\/forestalsylvis.com\/wp-content\/uploads\/2025\/07\/Asset-1mapasylvis-1.png 722w, https:\/\/forestalsylvis.com\/wp-content\/uploads\/2025\/07\/Asset-1mapasylvis-1-282x300.png 282w, https:\/\/forestalsylvis.com\/wp-content\/uploads\/2025\/07\/Asset-1mapasylvis-1-11x12.png 11w\" sizes=\"(max-width: 722px) 100vw, 722px\" \/>\t\t\t\t\t\t\t\t\t\t\t\t\t<\/div>\n\t\t\t\t<\/div>\n\t\t\t\t\t<\/div>\n\t\t\t\t<\/div>\n\t\t<div class=\"elementor-element elementor-element-4402474 e-flex e-con-boxed e-con e-parent\" data-id=\"4402474\" data-element_type=\"container\" data-settings=\"{&quot;jet_parallax_layout_list&quot;:[]}\">\n\t\t\t\t\t<div class=\"e-con-inner\">\n\t\t\t\t<div class=\"elementor-element elementor-element-5ac0217 elementor-widget__width-auto elementor-absolute elementor-hidden-mobile elementor-widget elementor-widget-image\" data-id=\"5ac0217\" data-element_type=\"widget\" data-settings=\"{&quot;_position&quot;:&quot;absolute&quot;}\" data-widget_type=\"image.default\">\n\t\t\t\t<div class=\"elementor-widget-container\">\n\t\t\t\t\t\t\t\t\t\t\t\t\t<img fetchpriority=\"high\" decoding=\"async\" width=\"722\" height=\"768\" src=\"https:\/\/forestalsylvis.com\/wp-content\/uploads\/2025\/07\/Asset-1mapasylvis-1.png\" class=\"attachment-large size-large wp-image-887\" alt=\"\" srcset=\"https:\/\/forestalsylvis.com\/wp-content\/uploads\/2025\/07\/Asset-1mapasylvis-1.png 722w, https:\/\/forestalsylvis.com\/wp-content\/uploads\/2025\/07\/Asset-1mapasylvis-1-282x300.png 282w, https:\/\/forestalsylvis.com\/wp-content\/uploads\/2025\/07\/Asset-1mapasylvis-1-11x12.png 11w\" sizes=\"(max-width: 722px) 100vw, 722px\" \/>\t\t\t\t\t\t\t\t\t\t\t\t\t<\/div>\n\t\t\t\t<\/div>\n\t\t\t\t\t<\/div>\n\t\t\t\t<\/div>\n\t\t<div class=\"elementor-element elementor-element-2bd25c8 e-flex e-con-boxed e-con e-parent\" data-id=\"2bd25c8\" data-element_type=\"container\" data-settings=\"{&quot;background_background&quot;:&quot;classic&quot;,&quot;jet_parallax_layout_list&quot;:[]}\">\n\t\t\t\t\t<div class=\"e-con-inner\">\n\t\t\t\t<div class=\"elementor-element elementor-element-9ce6ce6 elementor-widget__width-initial elementor-invisible elementor-widget elementor-widget-heading\" data-id=\"9ce6ce6\" data-element_type=\"widget\" data-settings=\"{&quot;_animation&quot;:&quot;fadeInLeft&quot;}\" data-widget_type=\"heading.default\">\n\t\t\t\t<div class=\"elementor-widget-container\">\n\t\t\t<h1 class=\"elementor-heading-title elementor-size-default\">Las nuevas oportunidades siempre est\u00e1n creciendo<\/h1>\t\t<\/div>\n\t\t\t\t<\/div>\n\t\t\t\t<div class=\"elementor-element elementor-element-9e9bf25 animated-slow elementor-widget__width-initial elementor-invisible elementor-widget elementor-widget-text-editor\" data-id=\"9e9bf25\" data-element_type=\"widget\" data-settings=\"{&quot;_animation&quot;:&quot;fadeInRight&quot;}\" data-widget_type=\"text-editor.default\">\n\t\t\t\t<div class=\"elementor-widget-container\">\n\t\t\t\t\t\t\t<p>Estamos ampliando nuestro modelo a trav\u00e9s de Guaran\u00ed Plantations, una iniciativa de inversi\u00f3n en desarrollo construida sobre los mismos principios de rendimiento, impacto y transparencia que definen a Forestal Sylvis.<\/p>\t\t\t\t\t\t<\/div>\n\t\t\t\t<\/div>\n\t\t<div class=\"elementor-element elementor-element-b7ad5c5 e-con-full e-flex e-con e-child\" data-id=\"b7ad5c5\" data-element_type=\"container\" data-settings=\"{&quot;jet_parallax_layout_list&quot;:[]}\">\n\t\t\t\t<div class=\"elementor-element elementor-element-6ee1b5c elementor-align-left animated-slow elementor-invisible elementor-widget elementor-widget-button\" data-id=\"6ee1b5c\" data-element_type=\"widget\" data-settings=\"{&quot;_animation&quot;:&quot;fadeInLeft&quot;}\" data-widget_type=\"button.default\">\n\t\t\t\t<div class=\"elementor-widget-container\">\n\t\t\t\t\t<div class=\"elementor-button-wrapper\">\n\t\t\t<a class=\"elementor-button elementor-button-link elementor-size-sm elementor-animation-float\" href=\"#contact\">\n\t\t\t\t\t\t<span class=\"elementor-button-content-wrapper\">\n\t\t\t\t\t\t\t\t\t<span class=\"elementor-button-text\">Unite a nuestra misi\u00f3n<\/span>\n\t\t\t\t\t<\/span>\n\t\t\t\t\t<\/a>\n\t\t<\/div>\n\t\t\t\t<\/div>\n\t\t\t\t<\/div>\n\t\t\t\t<div class=\"elementor-element elementor-element-364775d elementor-align-left animated-slow elementor-invisible elementor-widget elementor-widget-button\" data-id=\"364775d\" data-element_type=\"widget\" data-settings=\"{&quot;_animation&quot;:&quot;fadeInLeft&quot;}\" data-widget_type=\"button.default\">\n\t\t\t\t<div class=\"elementor-widget-container\">\n\t\t\t\t\t<div class=\"elementor-button-wrapper\">\n\t\t\t<a class=\"elementor-button elementor-button-link elementor-size-sm elementor-animation-float\" href=\"https:\/\/drive.google.com\/file\/d\/1NfWBDNqeCJ0I-qFy5t67aj7TJUY_jFDy\/view?usp=sharing\" target=\"_blank\">\n\t\t\t\t\t\t<span class=\"elementor-button-content-wrapper\">\n\t\t\t\t\t\t\t\t\t<span class=\"elementor-button-text\">Descargar el libro del inversor<\/span>\n\t\t\t\t\t<\/span>\n\t\t\t\t\t<\/a>\n\t\t<\/div>\n\t\t\t\t<\/div>\n\t\t\t\t<\/div>\n\t\t\t\t<\/div>\n\t\t\t\t\t<\/div>\n\t\t\t\t<\/div>\n\t\t<div class=\"elementor-element elementor-element-d543e6b e-flex e-con-boxed e-con e-parent\" data-id=\"d543e6b\" data-element_type=\"container\" data-settings=\"{&quot;jet_parallax_layout_list&quot;:[]}\">\n\t\t\t\t\t<div class=\"e-con-inner\">\n\t\t<div class=\"elementor-element elementor-element-544c147 e-con-full e-flex e-con e-child\" data-id=\"544c147\" data-element_type=\"container\" data-settings=\"{&quot;jet_parallax_layout_list&quot;:[],&quot;background_background&quot;:&quot;classic&quot;}\">\n\t\t\t\t<\/div>\n\t\t<div class=\"elementor-element elementor-element-8f0bcc1 e-con-full e-flex e-con e-child\" data-id=\"8f0bcc1\" data-element_type=\"container\" data-settings=\"{&quot;jet_parallax_layout_list&quot;:[]}\">\n\t\t\t\t<div class=\"elementor-element elementor-element-2ae37be elementor-widget__width-initial elementor-widget elementor-widget-heading\" data-id=\"2ae37be\" data-element_type=\"widget\" data-widget_type=\"heading.default\">\n\t\t\t\t<div class=\"elementor-widget-container\">\n\t\t\t<h2 class=\"elementor-heading-title elementor-size-default\">\u00bfUsted est\u00e1 mirando para invertir? Vamos a conectar.<\/h2>\t\t<\/div>\n\t\t\t\t<\/div>\n\t\t\t\t<div class=\"elementor-element elementor-element-8cdc3a5 elementor-button-align-stretch elementor-widget elementor-widget-form\" data-id=\"8cdc3a5\" data-element_type=\"widget\" data-settings=\"{&quot;step_next_label&quot;:&quot;Next&quot;,&quot;step_previous_label&quot;:&quot;Previous&quot;,&quot;button_width&quot;:&quot;40&quot;,&quot;step_type&quot;:&quot;number_text&quot;,&quot;step_icon_shape&quot;:&quot;circle&quot;}\" data-widget_type=\"form.default\">\n\t\t\t\t<div class=\"elementor-widget-container\">\n\t\t\t\t\t<form class=\"elementor-form\" method=\"post\" name=\"New Form\" action=\"\">\n\t\t\t<input type=\"hidden\" name=\"post_id\" value=\"877\"\/>\n\t\t\t<input type=\"hidden\" name=\"form_id\" value=\"8cdc3a5\"\/>\n\t\t\t<input type=\"hidden\" name=\"referer_title\" value=\"Projects - Forestal Sylvis\" \/>\n\n\t\t\t\t\t\t\t<input type=\"hidden\" name=\"queried_id\" value=\"877\"\/>\n\t\t\t\n\t\t\t<div class=\"elementor-form-fields-wrapper elementor-labels-above\">\n\t\t\t\t\t\t\t\t<div class=\"elementor-field-type-text elementor-field-group elementor-column elementor-field-group-name elementor-col-100\">\n\t\t\t\t\t\t\t\t\t\t\t\t<label for=\"form-field-name\" class=\"elementor-field-label\">\n\t\t\t\t\t\t\t\tNombre\t\t\t\t\t\t\t<\/label>\n\t\t\t\t\t\t\t\t\t\t\t\t\t\t<input size=\"1\" type=\"text\" name=\"form_fields[name]\" id=\"form-field-name\" class=\"elementor-field elementor-size-sm  elementor-field-textual\" placeholder=\"Nombre\">\n\t\t\t\t\t\t\t\t\t\t\t<\/div>\n\t\t\t\t\t\t\t\t<div class=\"elementor-field-type-email elementor-field-group elementor-column elementor-field-group-email elementor-col-100 elementor-field-required\">\n\t\t\t\t\t\t\t\t\t\t\t\t<label for=\"form-field-email\" class=\"elementor-field-label\">\n\t\t\t\t\t\t\t\tCorreo electr\u00f3nico\t\t\t\t\t\t\t<\/label>\n\t\t\t\t\t\t\t\t\t\t\t\t\t\t<input size=\"1\" type=\"email\" name=\"form_fields[email]\" id=\"form-field-email\" class=\"elementor-field elementor-size-sm  elementor-field-textual\" placeholder=\"Correo electr\u00f3nico\" required=\"required\" aria-required=\"true\">\n\t\t\t\t\t\t\t\t\t\t\t<\/div>\n\t\t\t\t\t\t\t\t<div class=\"elementor-field-type-textarea elementor-field-group elementor-column elementor-field-group-message elementor-col-100\">\n\t\t\t\t\t\t\t\t\t\t\t\t<label for=\"form-field-message\" class=\"elementor-field-label\">\n\t\t\t\t\t\t\t\tMensaje\t\t\t\t\t\t\t<\/label>\n\t\t\t\t\t\t<textarea class=\"elementor-field-textual elementor-field  elementor-size-sm\" name=\"form_fields[message]\" id=\"form-field-message\" rows=\"4\" placeholder=\"Mensaje\"><\/textarea>\t\t\t\t<\/div>\n\t\t\t\t\t\t\t\t<div class=\"elementor-field-group elementor-column elementor-field-type-submit elementor-col-40 e-form__buttons\">\n\t\t\t\t\t<button class=\"elementor-button elementor-size-sm\" type=\"submit\">\n\t\t\t\t\t\t<span class=\"elementor-button-content-wrapper\">\n\t\t\t\t\t\t\t\t\t\t\t\t\t\t\t\t\t\t\t\t\t\t<span class=\"elementor-button-text\">Contactar<\/span>\n\t\t\t\t\t\t\t\t\t\t\t\t\t<\/span>\n\t\t\t\t\t<\/button>\n\t\t\t\t<\/div>\n\t\t\t<\/div>\n\t\t<input type=\"hidden\" name=\"trp-form-language\" value=\"es\"\/><\/form>\n\t\t\t\t<\/div>\n\t\t\t\t<\/div>\n\t\t\t\t<\/div>\n\t\t\t\t\t<\/div>\n\t\t\t\t<\/div>\n\t\t\t\t<\/div>","protected":false},"excerpt":{"rendered":"<p>Projects At Forestal Sylvis, each Forest Management Unit represents a long-term commitment to productivity, environmental regeneration, and community development. These are the sites where our model is in full operation\u2014where underutilized land becomes high-yield forest, and forest becomes shared value. Forest Management Units Paraguar\u00ed Unit Located in one of Paraguay\u2019s historically agricultural regions, our Paraguar\u00ed [&hellip;]<\/p>","protected":false},"author":1,"featured_media":0,"parent":0,"menu_order":0,"comment_status":"closed","ping_status":"closed","template":"elementor_header_footer","meta":{"footnotes":""},"class_list":["post-877","page","type-page","status-publish","hentry"],"_links":{"self":[{"href":"https:\/\/forestalsylvis.com\/es\/wp-json\/wp\/v2\/pages\/877","targetHints":{"allow":["GET"]}}],"collection":[{"href":"https:\/\/forestalsylvis.com\/es\/wp-json\/wp\/v2\/pages"}],"about":[{"href":"https:\/\/forestalsylvis.com\/es\/wp-json\/wp\/v2\/types\/page"}],"author":[{"embeddable":true,"href":"https:\/\/forestalsylvis.com\/es\/wp-json\/wp\/v2\/users\/1"}],"replies":[{"embeddable":true,"href":"https:\/\/forestalsylvis.com\/es\/wp-json\/wp\/v2\/comments?post=877"}],"version-history":[{"count":41,"href":"https:\/\/forestalsylvis.com\/es\/wp-json\/wp\/v2\/pages\/877\/revisions"}],"predecessor-version":[{"id":1082,"href":"https:\/\/forestalsylvis.com\/es\/wp-json\/wp\/v2\/pages\/877\/revisions\/1082"}],"wp:attachment":[{"href":"https:\/\/forestalsylvis.com\/es\/wp-json\/wp\/v2\/media?parent=877"}],"curies":[{"name":"wp","href":"https:\/\/api.w.org\/{rel}","templated":true}]}}