{"id":134,"date":"2024-11-05T15:04:15","date_gmt":"2024-11-05T15:04:15","guid":{"rendered":"https:\/\/sylvis.appslienzo3.com\/?page_id=134"},"modified":"2025-02-25T20:07:14","modified_gmt":"2025-02-25T20:07:14","slug":"que-hacemos","status":"publish","type":"page","link":"https:\/\/forestalsylvis.com\/pt\/que-hacemos\/","title":{"rendered":"Qu\u00e9 hacemos"},"content":{"rendered":"<div data-elementor-type=\"wp-page\" data-elementor-id=\"134\" class=\"elementor elementor-134\" data-elementor-post-type=\"page\">\n\t\t\t\t\t\t<section class=\"elementor-section elementor-top-section elementor-element elementor-element-ca98021 elementor-section-boxed elementor-section-height-default elementor-section-height-default\" data-id=\"ca98021\" data-element_type=\"section\" data-settings=\"{&quot;background_background&quot;:&quot;classic&quot;,&quot;jet_parallax_layout_list&quot;:[]}\">\n\t\t\t\t\t\t\t<div class=\"elementor-background-overlay\"><\/div>\n\t\t\t\t\t\t\t<div class=\"elementor-container elementor-column-gap-default\">\n\t\t\t\t\t<div class=\"elementor-column elementor-col-100 elementor-top-column elementor-element elementor-element-fed04e0\" data-id=\"fed04e0\" data-element_type=\"column\">\n\t\t\t<div class=\"elementor-widget-wrap elementor-element-populated\">\n\t\t\t\t\t\t<div class=\"elementor-element elementor-element-446cb92 elementor-widget elementor-widget-heading\" data-id=\"446cb92\" data-element_type=\"widget\" data-widget_type=\"heading.default\">\n\t\t\t\t<div class=\"elementor-widget-container\">\n\t\t\t<h2 class=\"elementor-heading-title elementor-size-default\">Qu\u00e9 hacemos<\/h2>\t\t<\/div>\n\t\t\t\t<\/div>\n\t\t\t\t<div class=\"elementor-element elementor-element-0cc7761 elementor-icon-list--layout-inline elementor-align-center elementor-list-item-link-full_width elementor-widget elementor-widget-icon-list\" data-id=\"0cc7761\" data-element_type=\"widget\" data-widget_type=\"icon-list.default\">\n\t\t\t\t<div class=\"elementor-widget-container\">\n\t\t\t\t\t<ul class=\"elementor-icon-list-items elementor-inline-items\">\n\t\t\t\t\t\t\t<li class=\"elementor-icon-list-item elementor-inline-item\">\n\t\t\t\t\t\t\t\t\t\t<span class=\"elementor-icon-list-text\">Inicio<\/span>\n\t\t\t\t\t\t\t\t\t<\/li>\n\t\t\t\t\t\t\t\t<li class=\"elementor-icon-list-item elementor-inline-item\">\n\t\t\t\t\t\t\t\t\t\t\t<span class=\"elementor-icon-list-icon\">\n\t\t\t\t\t\t\t<svg aria-hidden=\"true\" class=\"e-font-icon-svg e-fas-chevron-right\" viewbox=\"0 0 320 512\" xmlns=\"http:\/\/www.w3.org\/2000\/svg\"><path d=\"M285.476 272.971L91.132 467.314c-9.373 9.373-24.569 9.373-33.941 0l-22.667-22.667c-9.357-9.357-9.375-24.522-.04-33.901L188.505 256 34.484 101.255c-9.335-9.379-9.317-24.544.04-33.901l22.667-22.667c9.373-9.373 24.569-9.373 33.941 0L285.475 239.03c9.373 9.372 9.373 24.568.001 33.941z\"><\/path><\/svg>\t\t\t\t\t\t<\/span>\n\t\t\t\t\t\t\t\t\t\t<span class=\"elementor-icon-list-text\">Qu\u00e9 hacemos<\/span>\n\t\t\t\t\t\t\t\t\t<\/li>\n\t\t\t\t\t\t<\/ul>\n\t\t\t\t<\/div>\n\t\t\t\t<\/div>\n\t\t\t\t\t<\/div>\n\t\t<\/div>\n\t\t\t\t\t<\/div>\n\t\t<\/section>\n\t\t<div class=\"elementor-element elementor-element-100f045 e-flex e-con-boxed e-con e-parent\" data-id=\"100f045\" data-element_type=\"container\" data-settings=\"{&quot;background_background&quot;:&quot;classic&quot;,&quot;jet_parallax_layout_list&quot;:[]}\">\n\t\t\t\t\t<div class=\"e-con-inner\">\n\t\t<div class=\"elementor-element elementor-element-a8157b2 e-con-full e-flex e-con e-child\" data-id=\"a8157b2\" data-element_type=\"container\" data-settings=\"{&quot;background_background&quot;:&quot;classic&quot;,&quot;jet_parallax_layout_list&quot;:[]}\">\n\t\t\t\t<div class=\"elementor-element elementor-element-4a949fc elementor-widget elementor-widget-spacer\" data-id=\"4a949fc\" data-element_type=\"widget\" data-widget_type=\"spacer.default\">\n\t\t\t\t<div class=\"elementor-widget-container\">\n\t\t\t\t\t<div class=\"elementor-spacer\">\n\t\t\t<div class=\"elementor-spacer-inner\"><\/div>\n\t\t<\/div>\n\t\t\t\t<\/div>\n\t\t\t\t<\/div>\n\t\t\t\t<\/div>\n\t\t<div class=\"elementor-element elementor-element-1700cd0 e-con-full e-flex e-con e-child\" data-id=\"1700cd0\" data-element_type=\"container\" data-settings=\"{&quot;jet_parallax_layout_list&quot;:[]}\">\n\t\t\t\t<div class=\"elementor-element elementor-element-e889c3a elementor-widget__width-auto animated-slow elementor-invisible elementor-widget elementor-widget-heading\" data-id=\"e889c3a\" data-element_type=\"widget\" data-settings=\"{&quot;_animation&quot;:&quot;fadeInRight&quot;}\" data-widget_type=\"heading.default\">\n\t\t\t\t<div class=\"elementor-widget-container\">\n\t\t\t<h5 class=\"elementor-heading-title elementor-size-default\">\u00bfQu\u00e9 hacemos?<\/h5>\t\t<\/div>\n\t\t\t\t<\/div>\n\t\t\t\t<div class=\"elementor-element elementor-element-1c7eec6 elementor-widget elementor-widget-heading\" data-id=\"1c7eec6\" data-element_type=\"widget\" data-widget_type=\"heading.default\">\n\t\t\t\t<div class=\"elementor-widget-container\">\n\t\t\t<h2 class=\"elementor-heading-title elementor-size-default\">Desarrollo y gesti\u00f3n de proyectos forestales<\/h2>\t\t<\/div>\n\t\t\t\t<\/div>\n\t\t\t\t<div class=\"elementor-element elementor-element-6ae6f39 elementor-widget elementor-widget-text-editor\" data-id=\"6ae6f39\" data-element_type=\"widget\" data-widget_type=\"text-editor.default\">\n\t\t\t\t<div class=\"elementor-widget-container\">\n\t\t\t\t\t\t\t<p>Proyectos elaborados a medida mediante un servicio cercano e integral de asesoramiento en los aspectos t\u00e9cnico, laboral, jur\u00eddico, administrativo, financiero, social, ambiental, mercado y comercial de emprendimientos forestales seg\u00fan el modelo de producci\u00f3n a desarrollar: madera de alto valor, biomasa o silvo-pastoril.<\/p>\t\t\t\t\t\t<\/div>\n\t\t\t\t<\/div>\n\t\t\t\t<div class=\"elementor-element elementor-element-fef54ec elementor-widget elementor-widget-heading\" data-id=\"fef54ec\" data-element_type=\"widget\" data-widget_type=\"heading.default\">\n\t\t\t\t<div class=\"elementor-widget-container\">\n\t\t\t<h2 class=\"elementor-heading-title elementor-size-default\">ASESOR\u00cdA T\u00c9CNICA<\/h2>\t\t<\/div>\n\t\t\t\t<\/div>\n\t\t\t\t<div class=\"elementor-element elementor-element-2847b95 elementor-widget elementor-widget-text-editor\" data-id=\"2847b95\" data-element_type=\"widget\" data-widget_type=\"text-editor.default\">\n\t\t\t\t<div class=\"elementor-widget-container\">\n\t\t\t\t\t\t\t<p>A propietarios o inversores que desean realizar la inversi\u00f3n forestal y asumir todos los riesgos de la misma.<\/p>\t\t\t\t\t\t<\/div>\n\t\t\t\t<\/div>\n\t\t\t\t<\/div>\n\t\t\t\t\t<\/div>\n\t\t\t\t<\/div>\n\t\t\t\t<section class=\"elementor-section elementor-top-section elementor-element elementor-element-725e0df elementor-section-boxed elementor-section-height-default elementor-section-height-default\" data-id=\"725e0df\" data-element_type=\"section\" data-settings=\"{&quot;background_background&quot;:&quot;classic&quot;,&quot;jet_parallax_layout_list&quot;:[]}\">\n\t\t\t\t\t\t\t<div class=\"elementor-background-overlay\"><\/div>\n\t\t\t\t\t\t\t<div class=\"elementor-container elementor-column-gap-default\">\n\t\t\t\t\t<div class=\"elementor-column elementor-col-100 elementor-top-column elementor-element elementor-element-86db1b5 animated-slow elementor-invisible\" data-id=\"86db1b5\" data-element_type=\"column\" data-settings=\"{&quot;animation&quot;:&quot;fadeInUp&quot;}\">\n\t\t\t<div class=\"elementor-widget-wrap elementor-element-populated\">\n\t\t\t\t\t\t<div class=\"elementor-element elementor-element-0ef22b2 elementor-widget elementor-widget-text-editor\" data-id=\"0ef22b2\" data-element_type=\"widget\" data-widget_type=\"text-editor.default\">\n\t\t\t\t<div class=\"elementor-widget-container\">\n\t\t\t\t\t\t\t<p>Utilizamos especies de r\u00e1pido crecimiento para la producci\u00f3n de madera de alta calidad para la industria, en un sistema silvopastoril. La b\u00fasqueda de unir el capital, el trabajo y la naturaleza nos ha llevado a plantar m\u00e1s de 2,5 millones de \u00e1rboles en 4 departamentos del pa\u00eds. Hoy, administramos 5.000 hect\u00e1reas de reforestaci\u00f3n silvopastoril, que componen m\u00e1s de 40 proyectos de inversi\u00f3n distintos, para m\u00e1s de 25 clientes, nacionales e internacionales. Entre los proyectos, se destaca el primer fondo forestal del pa\u00eds, el Fondo de Inversi\u00f3n Ecoforestal.<\/p>\t\t\t\t\t\t<\/div>\n\t\t\t\t<\/div>\n\t\t\t\t\t<\/div>\n\t\t<\/div>\n\t\t\t\t\t<\/div>\n\t\t<\/section>\n\t\t<div class=\"elementor-element elementor-element-58df556 e-flex e-con-boxed e-con e-parent\" data-id=\"58df556\" data-element_type=\"container\" data-settings=\"{&quot;background_background&quot;:&quot;classic&quot;,&quot;jet_parallax_layout_list&quot;:[]}\">\n\t\t\t\t\t<div class=\"e-con-inner\">\n\t\t<div class=\"elementor-element elementor-element-c50739c e-con-full e-flex e-con e-child\" data-id=\"c50739c\" data-element_type=\"container\" data-settings=\"{&quot;background_background&quot;:&quot;classic&quot;,&quot;jet_parallax_layout_list&quot;:[]}\">\n\t\t\t\t<div class=\"elementor-element elementor-element-3c851f8 elementor-widget elementor-widget-spacer\" data-id=\"3c851f8\" data-element_type=\"widget\" data-widget_type=\"spacer.default\">\n\t\t\t\t<div class=\"elementor-widget-container\">\n\t\t\t\t\t<div class=\"elementor-spacer\">\n\t\t\t<div class=\"elementor-spacer-inner\"><\/div>\n\t\t<\/div>\n\t\t\t\t<\/div>\n\t\t\t\t<\/div>\n\t\t\t\t<\/div>\n\t\t<div class=\"elementor-element elementor-element-43fe4cb e-con-full e-flex e-con e-child\" data-id=\"43fe4cb\" data-element_type=\"container\" data-settings=\"{&quot;jet_parallax_layout_list&quot;:[]}\">\n\t\t\t\t<div class=\"elementor-element elementor-element-0dde526 elementor-widget elementor-widget-heading\" data-id=\"0dde526\" data-element_type=\"widget\" data-widget_type=\"heading.default\">\n\t\t\t\t<div class=\"elementor-widget-container\">\n\t\t\t<h2 class=\"elementor-heading-title elementor-size-default\">\u00bfC\u00f3mo lo hacemos?<\/h2>\t\t<\/div>\n\t\t\t\t<\/div>\n\t\t\t\t<div class=\"elementor-element elementor-element-9c0a752 elementor-widget elementor-widget-text-editor\" data-id=\"9c0a752\" data-element_type=\"widget\" data-widget_type=\"text-editor.default\">\n\t\t\t\t<div class=\"elementor-widget-container\">\n\t\t\t\t\t\t\t<p>Todo inicia con una adecuada selecci\u00f3n del terreno para el desarrollo del proyecto, la mayor\u00eda de los cuales se ejecuta sobre terrenos alquilados bajo el auspicio de la ley 4890\/13 llamado \u201cVuelo Forestal\u201d.<\/p><p>Posteriormente, dise\u00f1amos un plan integral de reforestaci\u00f3n, alineando con el cliente sus deseos y necesidades. Para ejecutar el proyecto con foco en la econom\u00eda de escala, integramos a inversionistas, propietarios de tierras, productores agropecuarios y contratistas en un hilo de confianza. Seguidamente, gerenciamos la plantaci\u00f3n y su mantenimiento, durante todo su ciclo de vida: desde el dise\u00f1o y la plantaci\u00f3n, pasando por la administraci\u00f3n y el cuidado, llegando hasta la comercializaci\u00f3n de los distintos productos forestales. Atendemos los distintos aspectos y dimensiones del proyecto: lo econ\u00f3mico, social y ambiental; lo laboral, legal y tributario; as\u00ed como lo t\u00e9cnico, comercial y financiero.<\/p><p>Para nosotros es imperativo construir una relaci\u00f3n de confianza de largo plazo con nuestros clientes. Dicho esto, el cliente puede encomendar en nuestras manos el dise\u00f1o, la planificaci\u00f3n, la implementaci\u00f3n, la gesti\u00f3n y la comercializaci\u00f3n del proyecto, teniendo la posibilidad de involucrarse en cada aspecto del mismo seg\u00fan su nivel de inter\u00e9s<\/p>\t\t\t\t\t\t<\/div>\n\t\t\t\t<\/div>\n\t\t\t\t<\/div>\n\t\t\t\t\t<\/div>\n\t\t\t\t<\/div>\n\t\t<div class=\"elementor-element elementor-element-8dbe2e7 e-flex e-con-boxed e-con e-parent\" data-id=\"8dbe2e7\" data-element_type=\"container\" data-settings=\"{&quot;background_background&quot;:&quot;classic&quot;,&quot;jet_parallax_layout_list&quot;:[]}\">\n\t\t\t\t\t<div class=\"e-con-inner\">\n\t\t<div class=\"elementor-element elementor-element-87a4b8d e-con-full e-flex e-con e-child\" data-id=\"87a4b8d\" data-element_type=\"container\" data-settings=\"{&quot;background_background&quot;:&quot;classic&quot;,&quot;jet_parallax_layout_list&quot;:[]}\">\n\t\t\t\t<div class=\"elementor-element elementor-element-73bb438 elementor-widget elementor-widget-spacer\" data-id=\"73bb438\" data-element_type=\"widget\" data-widget_type=\"spacer.default\">\n\t\t\t\t<div class=\"elementor-widget-container\">\n\t\t\t\t\t<div class=\"elementor-spacer\">\n\t\t\t<div class=\"elementor-spacer-inner\"><\/div>\n\t\t<\/div>\n\t\t\t\t<\/div>\n\t\t\t\t<\/div>\n\t\t\t\t<\/div>\n\t\t<div class=\"elementor-element elementor-element-b9d391c e-con-full e-flex e-con e-child\" data-id=\"b9d391c\" data-element_type=\"container\" data-settings=\"{&quot;jet_parallax_layout_list&quot;:[]}\">\n\t\t\t\t<div class=\"elementor-element elementor-element-8f34e2e elementor-widget elementor-widget-heading\" data-id=\"8f34e2e\" data-element_type=\"widget\" data-widget_type=\"heading.default\">\n\t\t\t\t<div class=\"elementor-widget-container\">\n\t\t\t<h2 class=\"elementor-heading-title elementor-size-default\">\u00bfQu\u00e9 m\u00e1s hacemos?<\/h2>\t\t<\/div>\n\t\t\t\t<\/div>\n\t\t\t\t<div class=\"elementor-element elementor-element-44a5252 elementor-widget elementor-widget-text-editor\" data-id=\"44a5252\" data-element_type=\"widget\" data-widget_type=\"text-editor.default\">\n\t\t\t\t<div class=\"elementor-widget-container\">\n\t\t\t\t\t\t\t<p>Forestal Sylvis tambi\u00e9n es accionista de una industria de contrachapado con una capacidad de consumo de entre 70.000 y 100.000 m3 de madera al a\u00f1o. Igualmente, somos miembros de las asociaciones y gremios forestales locales m\u00e1s influyentes tales como la Federaci\u00f3n Paraguaya de Madereros, Sistema B Internacional, y trabajamos activamente para alentar a la sociedad paraguaya a conocer m\u00e1s sobre los beneficios del sector forestal para nuestro pa\u00eds.<\/p><p>Estamos trabajando, en conjunto con nuestros socios de AF Agroempresa Forestal, empresa uruguaya l\u00edder de inversiones de impacto en la regi\u00f3n con m\u00e1s de 20 a\u00f1os de experiencia y USD 950 millones de activos bajo manejo en un total de 130.000 hect\u00e1reas, en un proyecto que busca certificar cr\u00e9ditos de carbono de m\u00e1s de 2.000 hect\u00e1reas de plantaciones forestales silvopastoriles bajo el est\u00e1ndar VSC de Verra.<\/p>\t\t\t\t\t\t<\/div>\n\t\t\t\t<\/div>\n\t\t\t\t<\/div>\n\t\t\t\t\t<\/div>\n\t\t\t\t<\/div>\n\t\t<div class=\"elementor-element elementor-element-1129c41 e-flex e-con-boxed e-con e-parent\" data-id=\"1129c41\" data-element_type=\"container\" data-settings=\"{&quot;background_background&quot;:&quot;classic&quot;,&quot;jet_parallax_layout_list&quot;:[]}\">\n\t\t\t\t\t<div class=\"e-con-inner\">\n\t\t<div class=\"elementor-element elementor-element-d37412e e-con-full e-flex e-con e-child\" data-id=\"d37412e\" data-element_type=\"container\" data-settings=\"{&quot;background_background&quot;:&quot;classic&quot;,&quot;jet_parallax_layout_list&quot;:[]}\">\n\t\t\t\t<div class=\"elementor-element elementor-element-cda7a71 elementor-widget elementor-widget-spacer\" data-id=\"cda7a71\" data-element_type=\"widget\" data-widget_type=\"spacer.default\">\n\t\t\t\t<div class=\"elementor-widget-container\">\n\t\t\t\t\t<div class=\"elementor-spacer\">\n\t\t\t<div class=\"elementor-spacer-inner\"><\/div>\n\t\t<\/div>\n\t\t\t\t<\/div>\n\t\t\t\t<\/div>\n\t\t\t\t<\/div>\n\t\t<div class=\"elementor-element elementor-element-92e986e e-con-full e-flex e-con e-child\" data-id=\"92e986e\" data-element_type=\"container\" data-settings=\"{&quot;jet_parallax_layout_list&quot;:[]}\">\n\t\t\t\t<div class=\"elementor-element elementor-element-6aa434f elementor-widget elementor-widget-heading\" data-id=\"6aa434f\" data-element_type=\"widget\" data-widget_type=\"heading.default\">\n\t\t\t\t<div class=\"elementor-widget-container\">\n\t\t\t<h2 class=\"elementor-heading-title elementor-size-default\">\u00bfA que apuntamos?<\/h2>\t\t<\/div>\n\t\t\t\t<\/div>\n\t\t\t\t<div class=\"elementor-element elementor-element-6447e19 elementor-widget elementor-widget-text-editor\" data-id=\"6447e19\" data-element_type=\"widget\" data-widget_type=\"text-editor.default\">\n\t\t\t\t<div class=\"elementor-widget-container\">\n\t\t\t\t\t\t\t<p>De esta manera, buscamos constituirnos en la empresa de referencia para la sociedad paraguaya y para la sociedad internacional cuando se piense en temas relacionados a proyectos forestales y agropecuarios con triple l\u00ednea de resultado. Buscamos no ser la mejor empresa del Paraguay sino la mejor empresa para el Paraguay. Creemos que el sector forestal ser\u00e1 un nuevo motor de desarrollo para el pa\u00eds, por su capacidad de atraer inversiones a gran escala, as\u00ed como de diversificar y dinamizar la econom\u00eda.\u201d<\/p>\t\t\t\t\t\t<\/div>\n\t\t\t\t<\/div>\n\t\t\t\t<\/div>\n\t\t\t\t\t<\/div>\n\t\t\t\t<\/div>\n\t\t\t\t<\/div>","protected":false},"excerpt":{"rendered":"<p>Qu\u00e9 hacemos Inicio Qu\u00e9 hacemos \u00bfQu\u00e9 hacemos? Desarrollo y gesti\u00f3n de proyectos forestales Proyectos elaborados a medida mediante un servicio cercano e integral de asesoramiento en los aspectos t\u00e9cnico, laboral, jur\u00eddico, administrativo, financiero, social, ambiental, mercado y comercial de emprendimientos forestales seg\u00fan el modelo de producci\u00f3n a desarrollar: madera de alto valor, biomasa o silvo-pastoril. [&hellip;]<\/p>","protected":false},"author":1,"featured_media":0,"parent":0,"menu_order":0,"comment_status":"closed","ping_status":"closed","template":"","meta":{"footnotes":""},"class_list":["post-134","page","type-page","status-publish","hentry"],"_links":{"self":[{"href":"https:\/\/forestalsylvis.com\/pt\/wp-json\/wp\/v2\/pages\/134","targetHints":{"allow":["GET"]}}],"collection":[{"href":"https:\/\/forestalsylvis.com\/pt\/wp-json\/wp\/v2\/pages"}],"about":[{"href":"https:\/\/forestalsylvis.com\/pt\/wp-json\/wp\/v2\/types\/page"}],"author":[{"embeddable":true,"href":"https:\/\/forestalsylvis.com\/pt\/wp-json\/wp\/v2\/users\/1"}],"replies":[{"embeddable":true,"href":"https:\/\/forestalsylvis.com\/pt\/wp-json\/wp\/v2\/comments?post=134"}],"version-history":[{"count":13,"href":"https:\/\/forestalsylvis.com\/pt\/wp-json\/wp\/v2\/pages\/134\/revisions"}],"predecessor-version":[{"id":363,"href":"https:\/\/forestalsylvis.com\/pt\/wp-json\/wp\/v2\/pages\/134\/revisions\/363"}],"wp:attachment":[{"href":"https:\/\/forestalsylvis.com\/pt\/wp-json\/wp\/v2\/media?parent=134"}],"curies":[{"name":"wp","href":"https:\/\/api.w.org\/{rel}","templated":true}]}}