{"id":974,"date":"2025-11-24T14:11:51","date_gmt":"2025-11-24T14:11:51","guid":{"rendered":"https:\/\/forestalsylvis.com\/?page_id=974"},"modified":"2025-11-24T23:26:50","modified_gmt":"2025-11-24T23:26:50","slug":"resources","status":"publish","type":"page","link":"https:\/\/forestalsylvis.com\/pt\/resources\/","title":{"rendered":"Recursos"},"content":{"rendered":"<div data-elementor-type=\"wp-page\" data-elementor-id=\"974\" class=\"elementor elementor-974\" data-elementor-post-type=\"page\">\n\t\t\t\t\t\t<section class=\"elementor-section elementor-top-section elementor-element elementor-element-a2b7909 elementor-section-boxed elementor-section-height-default elementor-section-height-default\" data-id=\"a2b7909\" data-element_type=\"section\" data-settings=\"{&quot;background_background&quot;:&quot;classic&quot;,&quot;jet_parallax_layout_list&quot;:[]}\">\n\t\t\t\t\t\t\t<div class=\"elementor-background-overlay\"><\/div>\n\t\t\t\t\t\t\t<div class=\"elementor-container elementor-column-gap-default\">\n\t\t\t\t\t<div class=\"elementor-column elementor-col-100 elementor-top-column elementor-element elementor-element-f5090d3\" data-id=\"f5090d3\" data-element_type=\"column\">\n\t\t\t<div class=\"elementor-widget-wrap elementor-element-populated\">\n\t\t\t\t\t\t<div class=\"elementor-element elementor-element-d7de170 elementor-widget elementor-widget-heading\" data-id=\"d7de170\" data-element_type=\"widget\" data-widget_type=\"heading.default\">\n\t\t\t\t<div class=\"elementor-widget-container\">\n\t\t\t<h2 class=\"elementor-heading-title elementor-size-default\">Recursos<\/h2>\t\t<\/div>\n\t\t\t\t<\/div>\n\t\t\t\t\t<\/div>\n\t\t<\/div>\n\t\t\t\t\t<\/div>\n\t\t<\/section>\n\t\t<div class=\"elementor-element elementor-element-e11b869 e-flex e-con-boxed e-con e-parent\" data-id=\"e11b869\" data-element_type=\"container\" data-settings=\"{&quot;jet_parallax_layout_list&quot;:[],&quot;background_background&quot;:&quot;classic&quot;}\">\n\t\t\t\t\t<div class=\"e-con-inner\">\n\t\t<div class=\"elementor-element elementor-element-8b9866d e-con-full e-flex e-con e-child\" data-id=\"8b9866d\" data-element_type=\"container\" data-settings=\"{&quot;background_background&quot;:&quot;classic&quot;,&quot;jet_parallax_layout_list&quot;:[]}\">\n\t\t\t\t<div class=\"elementor-element elementor-element-8f7f05c elementor-widget__width-initial elementor-widget elementor-widget-text-editor\" data-id=\"8f7f05c\" data-element_type=\"widget\" data-widget_type=\"text-editor.default\">\n\t\t\t\t<div class=\"elementor-widget-container\">\n\t\t\t\t\t\t\t<p>A se\u00e7\u00e3o Recursos re\u00fane os documentos essenciais que detalham as pol\u00edticas, princ\u00edpios de gest\u00e3o e padr\u00f5es operacionais da Forestal Sylvis, oferecendo uma vis\u00e3o clara e objetiva das diretrizes que orientam nosso trabalho.<\/p>\t\t\t\t\t\t<\/div>\n\t\t\t\t<\/div>\n\t\t\t\t<\/div>\n\t\t\t\t\t<\/div>\n\t\t\t\t<\/div>\n\t\t<div class=\"elementor-element elementor-element-b9ba13a e-flex e-con-boxed e-con e-parent\" data-id=\"b9ba13a\" data-element_type=\"container\" data-settings=\"{&quot;background_background&quot;:&quot;classic&quot;,&quot;jet_parallax_layout_list&quot;:[]}\">\n\t\t\t\t\t<div class=\"e-con-inner\">\n\t\t\t\t<div class=\"elementor-element elementor-element-a8350c7 elementor-widget elementor-widget-heading\" data-id=\"a8350c7\" data-element_type=\"widget\" data-widget_type=\"heading.default\">\n\t\t\t\t<div class=\"elementor-widget-container\">\n\t\t\t<h2 class=\"elementor-heading-title elementor-size-default\"><a href=\"https:\/\/forestalsylvis.com\/wp-content\/uploads\/2025\/11\/Codigo-de-Etica-Forestal-Sylvis-S.pdf\" target=\"_blank\">C\u00f3digo de \u00c9tica \u2013 Forestal Sylvis<\/a><\/h2>\t\t<\/div>\n\t\t\t\t<\/div>\n\t\t\t\t<div class=\"elementor-element elementor-element-8104215 elementor-widget elementor-widget-heading\" data-id=\"8104215\" data-element_type=\"widget\" data-widget_type=\"heading.default\">\n\t\t\t\t<div class=\"elementor-widget-container\">\n\t\t\t<h2 class=\"elementor-heading-title elementor-size-default\"><a href=\"https:\/\/forestalsylvis.com\/wp-content\/uploads\/2025\/11\/Procedimiento-Recepcion-de-Consultas-Quejas-y-Mecanismos-de-Resolucion-de-Controversias.pdf\" target=\"_blank\">Procedimento para recebimento de consultas, reclama\u00e7\u00f5es e mecanismos de resolu\u00e7\u00e3o de conflitos \u2013 Forestal Sylvis<\/a><\/h2>\t\t<\/div>\n\t\t\t\t<\/div>\n\t\t\t\t<div class=\"elementor-element elementor-element-218fc2b elementor-widget elementor-widget-heading\" data-id=\"218fc2b\" data-element_type=\"widget\" data-widget_type=\"heading.default\">\n\t\t\t\t<div class=\"elementor-widget-container\">\n\t\t\t<h2 class=\"elementor-heading-title elementor-size-default\"><a href=\"https:\/\/forestalsylvis.com\/wp-content\/uploads\/2025\/11\/Manual-de-Grupo-Forestal-Sylvis.pdf\" target=\"_blank\">Manual do Grupo \u2013 Forestal Sylvis<\/a><\/h2>\t\t<\/div>\n\t\t\t\t<\/div>\n\t\t\t\t<div class=\"elementor-element elementor-element-219b095 elementor-widget elementor-widget-heading\" data-id=\"219b095\" data-element_type=\"widget\" data-widget_type=\"heading.default\">\n\t\t\t\t<div class=\"elementor-widget-container\">\n\t\t\t<h2 class=\"elementor-heading-title elementor-size-default\"><a href=\"https:\/\/forestalsylvis.com\/wp-content\/uploads\/2025\/11\/Resumen-Publico-del-Plan-de-Manejo-Forestal-Sylvis.-2024-2025.pdf\" target=\"_blank\">Resumo p\u00fablico do Plano de Manejo Florestal 2024 \u2013 Forestal Sylvis<\/a><\/h2>\t\t<\/div>\n\t\t\t\t<\/div>\n\t\t\t\t<div class=\"elementor-element elementor-element-ea30232 elementor-widget elementor-widget-heading\" data-id=\"ea30232\" data-element_type=\"widget\" data-widget_type=\"heading.default\">\n\t\t\t\t<div class=\"elementor-widget-container\">\n\t\t\t<h2 class=\"elementor-heading-title elementor-size-default\"><a href=\"https:\/\/forestalsylvis.com\/wp-content\/uploads\/2025\/11\/Politica-Laboral.pdf\" target=\"_blank\">Pol\u00edtica trabalhista \u2013 Forestal Sylvis<\/a><\/h2>\t\t<\/div>\n\t\t\t\t<\/div>\n\t\t\t\t<div class=\"elementor-element elementor-element-aaf596b elementor-widget elementor-widget-heading\" data-id=\"aaf596b\" data-element_type=\"widget\" data-widget_type=\"heading.default\">\n\t\t\t\t<div class=\"elementor-widget-container\">\n\t\t\t<h2 class=\"elementor-heading-title elementor-size-default\"><a href=\"https:\/\/forestalsylvis.com\/wp-content\/uploads\/2025\/11\/Politica-de-seguridad-Salud-ocupacional-y-Medio-ambiente.pdf\" target=\"_blank\">Pol\u00edtica de Sa\u00fade Ocupacional, Seguran\u00e7a e Meio Ambiente \u2013 Forestal Sylvis<\/a><\/h2>\t\t<\/div>\n\t\t\t\t<\/div>\n\t\t\t\t<div class=\"elementor-element elementor-element-63b9b03 elementor-widget elementor-widget-heading\" data-id=\"63b9b03\" data-element_type=\"widget\" data-widget_type=\"heading.default\">\n\t\t\t\t<div class=\"elementor-widget-container\">\n\t\t\t<h2 class=\"elementor-heading-title elementor-size-default\"><a href=\"https:\/\/forestalsylvis.com\/wp-content\/uploads\/2025\/11\/Politica-de-Forestal-Sylvis.pdf\" target=\"_blank\">Pol\u00edtica \u2013 Forestal Sylvis<\/a><\/h2>\t\t<\/div>\n\t\t\t\t<\/div>\n\t\t\t\t\t<\/div>\n\t\t\t\t<\/div>\n\t\t\t\t<\/div>","protected":false},"excerpt":{"rendered":"<p>Resources The Resources section compiles the core documents that outline Forestal Sylvis\u2019 policies, management principles, and operational standards, offering a concise overview of the guidelines that shape our work. Code of Ethics &#8211; Forestal Sylvis Procedure for Receiving Inquiries, Complaints, and Dispute Resolution Mechanisms &#8211; Forestal Sylvis Group Manual &#8211; Forestal Sylvis Public Summary of [&hellip;]<\/p>","protected":false},"author":1,"featured_media":0,"parent":0,"menu_order":0,"comment_status":"closed","ping_status":"closed","template":"elementor_header_footer","meta":{"footnotes":""},"class_list":["post-974","page","type-page","status-publish","hentry"],"_links":{"self":[{"href":"https:\/\/forestalsylvis.com\/pt\/wp-json\/wp\/v2\/pages\/974","targetHints":{"allow":["GET"]}}],"collection":[{"href":"https:\/\/forestalsylvis.com\/pt\/wp-json\/wp\/v2\/pages"}],"about":[{"href":"https:\/\/forestalsylvis.com\/pt\/wp-json\/wp\/v2\/types\/page"}],"author":[{"embeddable":true,"href":"https:\/\/forestalsylvis.com\/pt\/wp-json\/wp\/v2\/users\/1"}],"replies":[{"embeddable":true,"href":"https:\/\/forestalsylvis.com\/pt\/wp-json\/wp\/v2\/comments?post=974"}],"version-history":[{"count":29,"href":"https:\/\/forestalsylvis.com\/pt\/wp-json\/wp\/v2\/pages\/974\/revisions"}],"predecessor-version":[{"id":1015,"href":"https:\/\/forestalsylvis.com\/pt\/wp-json\/wp\/v2\/pages\/974\/revisions\/1015"}],"wp:attachment":[{"href":"https:\/\/forestalsylvis.com\/pt\/wp-json\/wp\/v2\/media?parent=974"}],"curies":[{"name":"wp","href":"https:\/\/api.w.org\/{rel}","templated":true}]}}